{"id":7067,"date":"2025-08-05T14:55:33","date_gmt":"2025-08-05T12:55:33","guid":{"rendered":"https:\/\/epcustomrug.com\/?post_type=product&#038;p=7067"},"modified":"2025-08-05T14:55:33","modified_gmt":"2025-08-05T12:55:33","slug":"fieltro-1-x-2-m","status":"publish","type":"product","link":"https:\/\/epcustomrug.com\/fr\/produit\/fieltro-1-x-2-m\/","title":{"rendered":"Feutre 1 x 2 m"},"content":{"rendered":"<p>Cette base antid\u00e9rapante pour tapis est la solution parfaite pour garantir que votre tapis reste bien en place. Disponible en tailles 1 x 1 m ou 1 x 2 m, elle est id\u00e9ale pour des pi\u00e8ces de toutes tailles. Son mat\u00e9riau antid\u00e9rapant assure une bonne adh\u00e9rence sur le parquet, le stratifi\u00e9, le carrelage ou toute autre surface dure. Ce produit ne laisse aucun r\u00e9sidu ni n\u2019endommage le sol, contrairement \u00e0 de nombreux adh\u00e9sifs. Profitez d\u2019une base sans souci gr\u00e2ce \u00e0 cet accessoire indispensable !<\/p>\n<ul>\n<li>Adh\u00e9rence renforc\u00e9e au sol pour r\u00e9duire les plis, tr\u00e9buchements et chutes.<\/li>\n<li>Texture douce et d\u00e9licate sous les pieds pour un confort accru.<\/li>\n<li>R\u00e9sistant \u00e0 la salet\u00e9 et \u00e0 la d\u00e9coloration pour une utilisation plus durable du tapis.<\/li>\n<li>Nettoyage facile avec un minimum d\u2019effort n\u00e9cessaire pour l\u2019entretien.<\/li>\n<\/ul>","protected":false},"excerpt":{"rendered":"<p>Base antid\u00e9rapante pour tapis<\/p>","protected":false},"featured_media":7066,"comment_status":"open","ping_status":"closed","template":"","meta":{"_surecart_dashboard_logo_width":"180px","_surecart_dashboard_show_logo":true,"_surecart_dashboard_navigation_orders":true,"_surecart_dashboard_navigation_invoices":true,"_surecart_dashboard_navigation_subscriptions":true,"_surecart_dashboard_navigation_downloads":true,"_surecart_dashboard_navigation_billing":true,"_surecart_dashboard_navigation_account":true,"_uag_custom_page_level_css":"","site-sidebar-layout":"default","site-content-layout":"","ast-site-content-layout":"default","site-content-style":"default","site-sidebar-style":"default","ast-global-header-display":"","ast-banner-title-visibility":"","ast-main-header-display":"","ast-hfb-above-header-display":"","ast-hfb-below-header-display":"","ast-hfb-mobile-header-display":"","site-post-title":"","ast-breadcrumbs-content":"","ast-featured-img":"","footer-sml-layout":"","theme-transparent-header-meta":"default","adv-header-id-meta":"","stick-header-meta":"","header-above-stick-meta":"","header-main-stick-meta":"","header-below-stick-meta":"","astra-migrate-meta-layouts":"set","ast-page-background-enabled":"default","ast-page-background-meta":{"desktop":{"background-color":"var(--ast-global-color-4)","background-image":"","background-repeat":"repeat","background-position":"center center","background-size":"auto","background-attachment":"scroll","background-type":"","background-media":"","overlay-type":"","overlay-color":"","overlay-opacity":"","overlay-gradient":""},"tablet":{"background-color":"","background-image":"","background-repeat":"repeat","background-position":"center center","background-size":"auto","background-attachment":"scroll","background-type":"","background-media":"","overlay-type":"","overlay-color":"","overlay-opacity":"","overlay-gradient":""},"mobile":{"background-color":"","background-image":"","background-repeat":"repeat","background-position":"center center","background-size":"auto","background-attachment":"scroll","background-type":"","background-media":"","overlay-type":"","overlay-color":"","overlay-opacity":"","overlay-gradient":""}},"ast-content-background-meta":{"desktop":{"background-color":"var(--ast-global-color-5)","background-image":"","background-repeat":"repeat","background-position":"center center","background-size":"auto","background-attachment":"scroll","background-type":"","background-media":"","overlay-type":"","overlay-color":"","overlay-opacity":"","overlay-gradient":""},"tablet":{"background-color":"var(--ast-global-color-5)","background-image":"","background-repeat":"repeat","background-position":"center center","background-size":"auto","background-attachment":"scroll","background-type":"","background-media":"","overlay-type":"","overlay-color":"","overlay-opacity":"","overlay-gradient":""},"mobile":{"background-color":"var(--ast-global-color-5)","background-image":"","background-repeat":"repeat","background-position":"center center","background-size":"auto","background-attachment":"scroll","background-type":"","background-media":"","overlay-type":"","overlay-color":"","overlay-opacity":"","overlay-gradient":""}}},"product_brand":[],"product_cat":[57],"product_tag":[],"class_list":{"0":"post-7067","1":"product","2":"type-product","3":"status-publish","4":"has-post-thumbnail","6":"product_cat-tela","7":"desktop-align-left","8":"tablet-align-left","9":"mobile-align-left","11":"first","12":"instock","13":"taxable","14":"shipping-taxable","15":"purchasable","16":"product-type-simple"},"uagb_featured_image_src":{"full":["https:\/\/epcustomrug.com\/wp-content\/uploads\/2025\/08\/fieltro007-c-Tela-de-fieltro-negro-1200Wx1200H.jpg",863,1200,false],"thumbnail":["https:\/\/epcustomrug.com\/wp-content\/uploads\/2025\/08\/fieltro007-c-Tela-de-fieltro-negro-1200Wx1200H-150x150.jpg",150,150,true],"medium":["https:\/\/epcustomrug.com\/wp-content\/uploads\/2025\/08\/fieltro007-c-Tela-de-fieltro-negro-1200Wx1200H-216x300.jpg",216,300,true],"medium_large":["https:\/\/epcustomrug.com\/wp-content\/uploads\/2025\/08\/fieltro007-c-Tela-de-fieltro-negro-1200Wx1200H-768x1068.jpg",768,1068,true],"large":["https:\/\/epcustomrug.com\/wp-content\/uploads\/2025\/08\/fieltro007-c-Tela-de-fieltro-negro-1200Wx1200H-736x1024.jpg",736,1024,true],"1536x1536":["https:\/\/epcustomrug.com\/wp-content\/uploads\/2025\/08\/fieltro007-c-Tela-de-fieltro-negro-1200Wx1200H.jpg",863,1200,false],"2048x2048":["https:\/\/epcustomrug.com\/wp-content\/uploads\/2025\/08\/fieltro007-c-Tela-de-fieltro-negro-1200Wx1200H.jpg",863,1200,false],"trp-custom-language-flag":["https:\/\/epcustomrug.com\/wp-content\/uploads\/2025\/08\/fieltro007-c-Tela-de-fieltro-negro-1200Wx1200H-9x12.jpg",9,12,true],"woocommerce_thumbnail":["https:\/\/epcustomrug.com\/wp-content\/uploads\/2025\/08\/fieltro007-c-Tela-de-fieltro-negro-1200Wx1200H-300x300.jpg",300,300,true],"woocommerce_single":["https:\/\/epcustomrug.com\/wp-content\/uploads\/2025\/08\/fieltro007-c-Tela-de-fieltro-negro-1200Wx1200H-600x834.jpg",600,834,true],"woocommerce_gallery_thumbnail":["https:\/\/epcustomrug.com\/wp-content\/uploads\/2025\/08\/fieltro007-c-Tela-de-fieltro-negro-1200Wx1200H-100x100.jpg",100,100,true]},"uagb_author_info":{"display_name":"pierre storder","author_link":"https:\/\/epcustomrug.com\/fr\/author\/"},"uagb_comment_info":0,"uagb_excerpt":"Base antideslizante para alfombras","_links":{"self":[{"href":"https:\/\/epcustomrug.com\/fr\/wp-json\/wp\/v2\/product\/7067","targetHints":{"allow":["GET"]}}],"collection":[{"href":"https:\/\/epcustomrug.com\/fr\/wp-json\/wp\/v2\/product"}],"about":[{"href":"https:\/\/epcustomrug.com\/fr\/wp-json\/wp\/v2\/types\/product"}],"replies":[{"embeddable":true,"href":"https:\/\/epcustomrug.com\/fr\/wp-json\/wp\/v2\/comments?post=7067"}],"wp:featuredmedia":[{"embeddable":true,"href":"https:\/\/epcustomrug.com\/fr\/wp-json\/wp\/v2\/media\/7066"}],"wp:attachment":[{"href":"https:\/\/epcustomrug.com\/fr\/wp-json\/wp\/v2\/media?parent=7067"}],"wp:term":[{"taxonomy":"product_brand","embeddable":true,"href":"https:\/\/epcustomrug.com\/fr\/wp-json\/wp\/v2\/product_brand?post=7067"},{"taxonomy":"product_cat","embeddable":true,"href":"https:\/\/epcustomrug.com\/fr\/wp-json\/wp\/v2\/product_cat?post=7067"},{"taxonomy":"product_tag","embeddable":true,"href":"https:\/\/epcustomrug.com\/fr\/wp-json\/wp\/v2\/product_tag?post=7067"}],"curies":[{"name":"wp","href":"https:\/\/api.w.org\/{rel}","templated":true}]}}