{"id":7025,"date":"2025-08-05T13:36:53","date_gmt":"2025-08-05T11:36:53","guid":{"rendered":"https:\/\/epcustomrug.com\/?post_type=product&#038;p=7025"},"modified":"2025-08-05T13:36:54","modified_gmt":"2025-08-05T11:36:54","slug":"pegamento","status":"publish","type":"product","link":"https:\/\/epcustomrug.com\/fr\/produit\/pegamento\/","title":{"rendered":"Colle"},"content":{"rendered":"<p>Colle acrylique pour tapis faits main, moquettes, fibres naturelles. De couleur beige. Pot de 1 kg, couvrant entre 3 et 4 m\u00e8tres carr\u00e9s. Facile \u00e0 appliquer au rouleau.<\/p>\n<p>Sans solvant<\/p>\n<p>Produit emball\u00e9 : largeur 12 cm<\/p>\n<p>Produit emball\u00e9 : poids 1,094 kg<\/p>","protected":false},"excerpt":{"rendered":"<p>Colle acrylique pour tapis<\/p>","protected":false},"featured_media":7026,"comment_status":"open","ping_status":"closed","template":"","meta":{"_surecart_dashboard_logo_width":"180px","_surecart_dashboard_show_logo":true,"_surecart_dashboard_navigation_orders":true,"_surecart_dashboard_navigation_invoices":true,"_surecart_dashboard_navigation_subscriptions":true,"_surecart_dashboard_navigation_downloads":true,"_surecart_dashboard_navigation_billing":true,"_surecart_dashboard_navigation_account":true,"_uag_custom_page_level_css":"","site-sidebar-layout":"default","site-content-layout":"","ast-site-content-layout":"default","site-content-style":"default","site-sidebar-style":"default","ast-global-header-display":"","ast-banner-title-visibility":"","ast-main-header-display":"","ast-hfb-above-header-display":"","ast-hfb-below-header-display":"","ast-hfb-mobile-header-display":"","site-post-title":"","ast-breadcrumbs-content":"","ast-featured-img":"","footer-sml-layout":"","theme-transparent-header-meta":"default","adv-header-id-meta":"","stick-header-meta":"","header-above-stick-meta":"","header-main-stick-meta":"","header-below-stick-meta":"","astra-migrate-meta-layouts":"set","ast-page-background-enabled":"default","ast-page-background-meta":{"desktop":{"background-color":"var(--ast-global-color-4)","background-image":"","background-repeat":"repeat","background-position":"center center","background-size":"auto","background-attachment":"scroll","background-type":"","background-media":"","overlay-type":"","overlay-color":"","overlay-opacity":"","overlay-gradient":""},"tablet":{"background-color":"","background-image":"","background-repeat":"repeat","background-position":"center center","background-size":"auto","background-attachment":"scroll","background-type":"","background-media":"","overlay-type":"","overlay-color":"","overlay-opacity":"","overlay-gradient":""},"mobile":{"background-color":"","background-image":"","background-repeat":"repeat","background-position":"center center","background-size":"auto","background-attachment":"scroll","background-type":"","background-media":"","overlay-type":"","overlay-color":"","overlay-opacity":"","overlay-gradient":""}},"ast-content-background-meta":{"desktop":{"background-color":"var(--ast-global-color-5)","background-image":"","background-repeat":"repeat","background-position":"center center","background-size":"auto","background-attachment":"scroll","background-type":"","background-media":"","overlay-type":"","overlay-color":"","overlay-opacity":"","overlay-gradient":""},"tablet":{"background-color":"var(--ast-global-color-5)","background-image":"","background-repeat":"repeat","background-position":"center center","background-size":"auto","background-attachment":"scroll","background-type":"","background-media":"","overlay-type":"","overlay-color":"","overlay-opacity":"","overlay-gradient":""},"mobile":{"background-color":"var(--ast-global-color-5)","background-image":"","background-repeat":"repeat","background-position":"center center","background-size":"auto","background-attachment":"scroll","background-type":"","background-media":"","overlay-type":"","overlay-color":"","overlay-opacity":"","overlay-gradient":""}}},"product_brand":[],"product_cat":[56],"product_tag":[],"class_list":{"0":"post-7025","1":"product","2":"type-product","3":"status-publish","4":"has-post-thumbnail","6":"product_cat-material-de-tufting","7":"desktop-align-left","8":"tablet-align-left","9":"mobile-align-left","11":"first","12":"instock","13":"taxable","14":"shipping-taxable","15":"purchasable","16":"product-type-simple"},"uagb_featured_image_src":{"full":["https:\/\/epcustomrug.com\/wp-content\/uploads\/2025\/08\/IMG_3495-scaled.jpg",1920,2560,false],"thumbnail":["https:\/\/epcustomrug.com\/wp-content\/uploads\/2025\/08\/IMG_3495-150x150.jpg",150,150,true],"medium":["https:\/\/epcustomrug.com\/wp-content\/uploads\/2025\/08\/IMG_3495-225x300.jpg",225,300,true],"medium_large":["https:\/\/epcustomrug.com\/wp-content\/uploads\/2025\/08\/IMG_3495-768x1024.jpg",768,1024,true],"large":["https:\/\/epcustomrug.com\/wp-content\/uploads\/2025\/08\/IMG_3495-768x1024.jpg",768,1024,true],"1536x1536":["https:\/\/epcustomrug.com\/wp-content\/uploads\/2025\/08\/IMG_3495-1152x1536.jpg",1152,1536,true],"2048x2048":["https:\/\/epcustomrug.com\/wp-content\/uploads\/2025\/08\/IMG_3495-1536x2048.jpg",1536,2048,true],"trp-custom-language-flag":["https:\/\/epcustomrug.com\/wp-content\/uploads\/2025\/08\/IMG_3495-9x12.jpg",9,12,true],"woocommerce_thumbnail":["https:\/\/epcustomrug.com\/wp-content\/uploads\/2025\/08\/IMG_3495-300x300.jpg",300,300,true],"woocommerce_single":["https:\/\/epcustomrug.com\/wp-content\/uploads\/2025\/08\/IMG_3495-600x800.jpg",600,800,true],"woocommerce_gallery_thumbnail":["https:\/\/epcustomrug.com\/wp-content\/uploads\/2025\/08\/IMG_3495-100x100.jpg",100,100,true]},"uagb_author_info":{"display_name":"pierre storder","author_link":"https:\/\/epcustomrug.com\/fr\/author\/"},"uagb_comment_info":0,"uagb_excerpt":"Cola acr\u00edlica para alfombras","_links":{"self":[{"href":"https:\/\/epcustomrug.com\/fr\/wp-json\/wp\/v2\/product\/7025","targetHints":{"allow":["GET"]}}],"collection":[{"href":"https:\/\/epcustomrug.com\/fr\/wp-json\/wp\/v2\/product"}],"about":[{"href":"https:\/\/epcustomrug.com\/fr\/wp-json\/wp\/v2\/types\/product"}],"replies":[{"embeddable":true,"href":"https:\/\/epcustomrug.com\/fr\/wp-json\/wp\/v2\/comments?post=7025"}],"wp:featuredmedia":[{"embeddable":true,"href":"https:\/\/epcustomrug.com\/fr\/wp-json\/wp\/v2\/media\/7026"}],"wp:attachment":[{"href":"https:\/\/epcustomrug.com\/fr\/wp-json\/wp\/v2\/media?parent=7025"}],"wp:term":[{"taxonomy":"product_brand","embeddable":true,"href":"https:\/\/epcustomrug.com\/fr\/wp-json\/wp\/v2\/product_brand?post=7025"},{"taxonomy":"product_cat","embeddable":true,"href":"https:\/\/epcustomrug.com\/fr\/wp-json\/wp\/v2\/product_cat?post=7025"},{"taxonomy":"product_tag","embeddable":true,"href":"https:\/\/epcustomrug.com\/fr\/wp-json\/wp\/v2\/product_tag?post=7025"}],"curies":[{"name":"wp","href":"https:\/\/api.w.org\/{rel}","templated":true}]}}