{"id":7009,"date":"2025-08-05T13:09:35","date_gmt":"2025-08-05T11:09:35","guid":{"rendered":"https:\/\/epcustomrug.com\/?post_type=product&#038;p=7009"},"modified":"2025-08-05T13:10:13","modified_gmt":"2025-08-05T11:10:13","slug":"tijeras","status":"publish","type":"product","link":"https:\/\/epcustomrug.com\/fr\/produit\/tijeras\/","title":{"rendered":"Ciseaux"},"content":{"rendered":"<p><strong>Couleur<\/strong><\/p>\n<p>Violet<\/p>\n<p><strong>Mat\u00e9riel<\/strong><\/p>\n<p>Acier inoxydable<\/p>\n<p><strong>Marca<\/strong><\/p>\n<p>Uaugulft<\/p>\n<p><strong>Mat\u00e9riel de la lame<\/strong><\/p>\n<p>Acier inoxydable<\/p>\n<ul>\n<li>Mat\u00e9riau de haute qualit\u00e9 : les lames des ciseaux sont fabriqu\u00e9es en acier inoxydable haute r\u00e9sistance, antirouille et durable, avec une duret\u00e9 trois fois sup\u00e9rieure \u00e0 celle de l\u2019acier inoxydable classique.<\/li>\n<li>Lames avec rev\u00eatement en titane : les lames rev\u00eatues de titane color\u00e9 offrent d\u2019excellentes performances anticorrosion. Elles r\u00e9sistent tr\u00e8s bien \u00e0 l\u2019adh\u00e9rence de mat\u00e9riaux comme la colle ou le ruban adh\u00e9sif, ce qui les rend adapt\u00e9es \u00e0 presque tous les types de t\u00e2ches.<\/li>\n<li>Poign\u00e9e \u00e0 prise douce : poign\u00e9e ergonomique souple en polypropyl\u00e8ne et TPR, offrant un bon contr\u00f4le et un confort optimal pour vos doigts.<\/li>\n<li>Large gamme d\u2019utilisations : facile pour couper des tissus fins, du papier, du ruban adh\u00e9sif et du fil.<\/li>\n<li>Le paquet comprend : 3 paires de ciseaux.\nTailles : 23,6 cm, 21,3 cm, 14,2 cm\nPoids : 250 g\nMat\u00e9riaux : acier inoxydable, PP + TPR\nCouleur : violet<\/li>\n<\/ul>","protected":false},"excerpt":{"rendered":"<h1 id=\"title\" class=\"a-size-large a-spacing-none\"><span id=\"productTitle\" class=\"a-size-large product-title-word-break\">Juego de tijeras<\/span><\/h1>","protected":false},"featured_media":7010,"comment_status":"open","ping_status":"closed","template":"","meta":{"_surecart_dashboard_logo_width":"180px","_surecart_dashboard_show_logo":true,"_surecart_dashboard_navigation_orders":true,"_surecart_dashboard_navigation_invoices":true,"_surecart_dashboard_navigation_subscriptions":true,"_surecart_dashboard_navigation_downloads":true,"_surecart_dashboard_navigation_billing":true,"_surecart_dashboard_navigation_account":true,"_uag_custom_page_level_css":"","site-sidebar-layout":"default","site-content-layout":"","ast-site-content-layout":"default","site-content-style":"default","site-sidebar-style":"default","ast-global-header-display":"","ast-banner-title-visibility":"","ast-main-header-display":"","ast-hfb-above-header-display":"","ast-hfb-below-header-display":"","ast-hfb-mobile-header-display":"","site-post-title":"","ast-breadcrumbs-content":"","ast-featured-img":"","footer-sml-layout":"","theme-transparent-header-meta":"default","adv-header-id-meta":"","stick-header-meta":"","header-above-stick-meta":"","header-main-stick-meta":"","header-below-stick-meta":"","astra-migrate-meta-layouts":"set","ast-page-background-enabled":"default","ast-page-background-meta":{"desktop":{"background-color":"var(--ast-global-color-4)","background-image":"","background-repeat":"repeat","background-position":"center center","background-size":"auto","background-attachment":"scroll","background-type":"","background-media":"","overlay-type":"","overlay-color":"","overlay-opacity":"","overlay-gradient":""},"tablet":{"background-color":"","background-image":"","background-repeat":"repeat","background-position":"center center","background-size":"auto","background-attachment":"scroll","background-type":"","background-media":"","overlay-type":"","overlay-color":"","overlay-opacity":"","overlay-gradient":""},"mobile":{"background-color":"","background-image":"","background-repeat":"repeat","background-position":"center center","background-size":"auto","background-attachment":"scroll","background-type":"","background-media":"","overlay-type":"","overlay-color":"","overlay-opacity":"","overlay-gradient":""}},"ast-content-background-meta":{"desktop":{"background-color":"var(--ast-global-color-5)","background-image":"","background-repeat":"repeat","background-position":"center center","background-size":"auto","background-attachment":"scroll","background-type":"","background-media":"","overlay-type":"","overlay-color":"","overlay-opacity":"","overlay-gradient":""},"tablet":{"background-color":"var(--ast-global-color-5)","background-image":"","background-repeat":"repeat","background-position":"center center","background-size":"auto","background-attachment":"scroll","background-type":"","background-media":"","overlay-type":"","overlay-color":"","overlay-opacity":"","overlay-gradient":""},"mobile":{"background-color":"var(--ast-global-color-5)","background-image":"","background-repeat":"repeat","background-position":"center center","background-size":"auto","background-attachment":"scroll","background-type":"","background-media":"","overlay-type":"","overlay-color":"","overlay-opacity":"","overlay-gradient":""}}},"product_brand":[],"product_cat":[56],"product_tag":[],"class_list":{"0":"post-7009","1":"product","2":"type-product","3":"status-publish","4":"has-post-thumbnail","6":"product_cat-material-de-tufting","7":"desktop-align-left","8":"tablet-align-left","9":"mobile-align-left","11":"first","12":"instock","13":"taxable","14":"shipping-taxable","15":"purchasable","16":"product-type-simple"},"uagb_featured_image_src":{"full":["https:\/\/epcustomrug.com\/wp-content\/uploads\/2025\/08\/51Gt1HUQefL._AC_.jpg",735,781,false],"thumbnail":["https:\/\/epcustomrug.com\/wp-content\/uploads\/2025\/08\/51Gt1HUQefL._AC_-150x150.jpg",150,150,true],"medium":["https:\/\/epcustomrug.com\/wp-content\/uploads\/2025\/08\/51Gt1HUQefL._AC_-282x300.jpg",282,300,true],"medium_large":["https:\/\/epcustomrug.com\/wp-content\/uploads\/2025\/08\/51Gt1HUQefL._AC_.jpg",735,781,false],"large":["https:\/\/epcustomrug.com\/wp-content\/uploads\/2025\/08\/51Gt1HUQefL._AC_.jpg",735,781,false],"1536x1536":["https:\/\/epcustomrug.com\/wp-content\/uploads\/2025\/08\/51Gt1HUQefL._AC_.jpg",735,781,false],"2048x2048":["https:\/\/epcustomrug.com\/wp-content\/uploads\/2025\/08\/51Gt1HUQefL._AC_.jpg",735,781,false],"trp-custom-language-flag":["https:\/\/epcustomrug.com\/wp-content\/uploads\/2025\/08\/51Gt1HUQefL._AC_-11x12.jpg",11,12,true],"woocommerce_thumbnail":["https:\/\/epcustomrug.com\/wp-content\/uploads\/2025\/08\/51Gt1HUQefL._AC_-300x300.jpg",300,300,true],"woocommerce_single":["https:\/\/epcustomrug.com\/wp-content\/uploads\/2025\/08\/51Gt1HUQefL._AC_-600x638.jpg",600,638,true],"woocommerce_gallery_thumbnail":["https:\/\/epcustomrug.com\/wp-content\/uploads\/2025\/08\/51Gt1HUQefL._AC_-100x100.jpg",100,100,true]},"uagb_author_info":{"display_name":"pierre storder","author_link":"https:\/\/epcustomrug.com\/fr\/author\/"},"uagb_comment_info":0,"uagb_excerpt":"Juego de tijeras","_links":{"self":[{"href":"https:\/\/epcustomrug.com\/fr\/wp-json\/wp\/v2\/product\/7009","targetHints":{"allow":["GET"]}}],"collection":[{"href":"https:\/\/epcustomrug.com\/fr\/wp-json\/wp\/v2\/product"}],"about":[{"href":"https:\/\/epcustomrug.com\/fr\/wp-json\/wp\/v2\/types\/product"}],"replies":[{"embeddable":true,"href":"https:\/\/epcustomrug.com\/fr\/wp-json\/wp\/v2\/comments?post=7009"}],"wp:featuredmedia":[{"embeddable":true,"href":"https:\/\/epcustomrug.com\/fr\/wp-json\/wp\/v2\/media\/7010"}],"wp:attachment":[{"href":"https:\/\/epcustomrug.com\/fr\/wp-json\/wp\/v2\/media?parent=7009"}],"wp:term":[{"taxonomy":"product_brand","embeddable":true,"href":"https:\/\/epcustomrug.com\/fr\/wp-json\/wp\/v2\/product_brand?post=7009"},{"taxonomy":"product_cat","embeddable":true,"href":"https:\/\/epcustomrug.com\/fr\/wp-json\/wp\/v2\/product_cat?post=7009"},{"taxonomy":"product_tag","embeddable":true,"href":"https:\/\/epcustomrug.com\/fr\/wp-json\/wp\/v2\/product_tag?post=7009"}],"curies":[{"name":"wp","href":"https:\/\/api.w.org\/{rel}","templated":true}]}}