{"id":7006,"date":"2025-08-05T12:54:47","date_gmt":"2025-08-05T10:54:47","guid":{"rendered":"https:\/\/epcustomrug.com\/?post_type=product&#038;p=7006"},"modified":"2025-08-05T12:54:47","modified_gmt":"2025-08-05T10:54:47","slug":"tijeras-pelican","status":"publish","type":"product","link":"https:\/\/epcustomrug.com\/fr\/produit\/tijeras-pelican\/","title":{"rendered":"Ciseaux p\u00e9lican"},"content":{"rendered":"<p><strong>Ciseaux p\u00e9lican pour une coupe pr\u00e9cise et uniforme<\/strong><\/p>\n<p>Dites adieu aux fils qui d\u00e9passent, aux bords irr\u00e9guliers et aux couches in\u00e9gales lors de la d\u00e9coupe de vos tapis. Notre produit est con\u00e7u pour rendre la coupe tr\u00e8s facile gr\u00e2ce \u00e0 ses caract\u00e9ristiques et avantages uniques.<\/p>\n<p><strong>Que sont les ciseaux p\u00e9lican ?<\/strong><\/p>\n<p>Les ciseaux p\u00e9lican sont une paire de ciseaux \u00e0 la forme originale, avec une lame large et plate et un manche l\u00e9g\u00e8rement inclin\u00e9 pour que votre main soit sur\u00e9lev\u00e9e par rapport au tissu pendant la coupe.\nLa lame en forme de palette emp\u00eache de couper les points de couture ou une grande partie du tissu.\nEn m\u00eame temps, le manche inclin\u00e9 permet une bonne prise en main, tandis que la lame reste bien \u00e0 plat sur le mat\u00e9riau.<\/p>\n<p>Nos ciseaux sont dot\u00e9s de lames de coupe rectifi\u00e9es avec pr\u00e9cision, ce qui les rend id\u00e9als pour \u00e9liminer les imperfections des tapis, comme les pointes tach\u00e9es ou d\u00e9tach\u00e9es.\nLes lames sont fabriqu\u00e9es en acier \u00e0 haute teneur en carbone de premi\u00e8re qualit\u00e9 pour garantir une grande durabilit\u00e9 et une utilisation prolong\u00e9e.<\/p>","protected":false},"excerpt":{"rendered":"<p><strong>Ciseaux p\u00e9lican pour une coupe pr\u00e9cise et uniforme<\/strong><\/p>","protected":false},"featured_media":7007,"comment_status":"open","ping_status":"closed","template":"","meta":{"_surecart_dashboard_logo_width":"180px","_surecart_dashboard_show_logo":true,"_surecart_dashboard_navigation_orders":true,"_surecart_dashboard_navigation_invoices":true,"_surecart_dashboard_navigation_subscriptions":true,"_surecart_dashboard_navigation_downloads":true,"_surecart_dashboard_navigation_billing":true,"_surecart_dashboard_navigation_account":true,"_uag_custom_page_level_css":"","site-sidebar-layout":"default","site-content-layout":"","ast-site-content-layout":"default","site-content-style":"default","site-sidebar-style":"default","ast-global-header-display":"","ast-banner-title-visibility":"","ast-main-header-display":"","ast-hfb-above-header-display":"","ast-hfb-below-header-display":"","ast-hfb-mobile-header-display":"","site-post-title":"","ast-breadcrumbs-content":"","ast-featured-img":"","footer-sml-layout":"","theme-transparent-header-meta":"default","adv-header-id-meta":"","stick-header-meta":"","header-above-stick-meta":"","header-main-stick-meta":"","header-below-stick-meta":"","astra-migrate-meta-layouts":"set","ast-page-background-enabled":"default","ast-page-background-meta":{"desktop":{"background-color":"var(--ast-global-color-4)","background-image":"","background-repeat":"repeat","background-position":"center center","background-size":"auto","background-attachment":"scroll","background-type":"","background-media":"","overlay-type":"","overlay-color":"","overlay-opacity":"","overlay-gradient":""},"tablet":{"background-color":"","background-image":"","background-repeat":"repeat","background-position":"center center","background-size":"auto","background-attachment":"scroll","background-type":"","background-media":"","overlay-type":"","overlay-color":"","overlay-opacity":"","overlay-gradient":""},"mobile":{"background-color":"","background-image":"","background-repeat":"repeat","background-position":"center center","background-size":"auto","background-attachment":"scroll","background-type":"","background-media":"","overlay-type":"","overlay-color":"","overlay-opacity":"","overlay-gradient":""}},"ast-content-background-meta":{"desktop":{"background-color":"var(--ast-global-color-5)","background-image":"","background-repeat":"repeat","background-position":"center center","background-size":"auto","background-attachment":"scroll","background-type":"","background-media":"","overlay-type":"","overlay-color":"","overlay-opacity":"","overlay-gradient":""},"tablet":{"background-color":"var(--ast-global-color-5)","background-image":"","background-repeat":"repeat","background-position":"center center","background-size":"auto","background-attachment":"scroll","background-type":"","background-media":"","overlay-type":"","overlay-color":"","overlay-opacity":"","overlay-gradient":""},"mobile":{"background-color":"var(--ast-global-color-5)","background-image":"","background-repeat":"repeat","background-position":"center center","background-size":"auto","background-attachment":"scroll","background-type":"","background-media":"","overlay-type":"","overlay-color":"","overlay-opacity":"","overlay-gradient":""}}},"product_brand":[],"product_cat":[56],"product_tag":[],"class_list":{"0":"post-7006","1":"product","2":"type-product","3":"status-publish","4":"has-post-thumbnail","6":"product_cat-material-de-tufting","7":"desktop-align-left","8":"tablet-align-left","9":"mobile-align-left","11":"first","12":"instock","13":"taxable","14":"shipping-taxable","15":"purchasable","16":"product-type-simple"},"uagb_featured_image_src":{"full":["https:\/\/epcustomrug.com\/wp-content\/uploads\/2025\/08\/IMG_3481-scaled.jpg",1920,2560,false],"thumbnail":["https:\/\/epcustomrug.com\/wp-content\/uploads\/2025\/08\/IMG_3481-150x150.jpg",150,150,true],"medium":["https:\/\/epcustomrug.com\/wp-content\/uploads\/2025\/08\/IMG_3481-225x300.jpg",225,300,true],"medium_large":["https:\/\/epcustomrug.com\/wp-content\/uploads\/2025\/08\/IMG_3481-768x1024.jpg",768,1024,true],"large":["https:\/\/epcustomrug.com\/wp-content\/uploads\/2025\/08\/IMG_3481-768x1024.jpg",768,1024,true],"1536x1536":["https:\/\/epcustomrug.com\/wp-content\/uploads\/2025\/08\/IMG_3481-1152x1536.jpg",1152,1536,true],"2048x2048":["https:\/\/epcustomrug.com\/wp-content\/uploads\/2025\/08\/IMG_3481-1536x2048.jpg",1536,2048,true],"trp-custom-language-flag":["https:\/\/epcustomrug.com\/wp-content\/uploads\/2025\/08\/IMG_3481-9x12.jpg",9,12,true],"woocommerce_thumbnail":["https:\/\/epcustomrug.com\/wp-content\/uploads\/2025\/08\/IMG_3481-300x300.jpg",300,300,true],"woocommerce_single":["https:\/\/epcustomrug.com\/wp-content\/uploads\/2025\/08\/IMG_3481-600x800.jpg",600,800,true],"woocommerce_gallery_thumbnail":["https:\/\/epcustomrug.com\/wp-content\/uploads\/2025\/08\/IMG_3481-100x100.jpg",100,100,true]},"uagb_author_info":{"display_name":"pierre storder","author_link":"https:\/\/epcustomrug.com\/fr\/author\/"},"uagb_comment_info":0,"uagb_excerpt":"Tijeras pelican para un recorte preciso y uniforme","_links":{"self":[{"href":"https:\/\/epcustomrug.com\/fr\/wp-json\/wp\/v2\/product\/7006","targetHints":{"allow":["GET"]}}],"collection":[{"href":"https:\/\/epcustomrug.com\/fr\/wp-json\/wp\/v2\/product"}],"about":[{"href":"https:\/\/epcustomrug.com\/fr\/wp-json\/wp\/v2\/types\/product"}],"replies":[{"embeddable":true,"href":"https:\/\/epcustomrug.com\/fr\/wp-json\/wp\/v2\/comments?post=7006"}],"wp:featuredmedia":[{"embeddable":true,"href":"https:\/\/epcustomrug.com\/fr\/wp-json\/wp\/v2\/media\/7007"}],"wp:attachment":[{"href":"https:\/\/epcustomrug.com\/fr\/wp-json\/wp\/v2\/media?parent=7006"}],"wp:term":[{"taxonomy":"product_brand","embeddable":true,"href":"https:\/\/epcustomrug.com\/fr\/wp-json\/wp\/v2\/product_brand?post=7006"},{"taxonomy":"product_cat","embeddable":true,"href":"https:\/\/epcustomrug.com\/fr\/wp-json\/wp\/v2\/product_cat?post=7006"},{"taxonomy":"product_tag","embeddable":true,"href":"https:\/\/epcustomrug.com\/fr\/wp-json\/wp\/v2\/product_tag?post=7006"}],"curies":[{"name":"wp","href":"https:\/\/api.w.org\/{rel}","templated":true}]}}