{"id":6969,"date":"2025-07-29T13:58:59","date_gmt":"2025-07-29T11:58:59","guid":{"rendered":"https:\/\/epcustomrug.com\/?post_type=product&#038;p=6969"},"modified":"2025-09-24T10:17:40","modified_gmt":"2025-09-24T08:17:40","slug":"%f0%9f%8e%81bon-cadeau-atelier-de-tufting","status":"publish","type":"product","link":"https:\/\/epcustomrug.com\/fr\/produit\/%f0%9f%8e%81bon-cadeau-atelier-de-tufting\/","title":{"rendered":"\ud83c\udf81Bon cadeau \u2013 Atelier de tufting"},"content":{"rendered":"<p>Offre une exp\u00e9rience cr\u00e9ative inoubliable \u00e0 Valence !<\/p>\n<p>Gr\u00e2ce \u00e0 ce bon cadeau, la personne de votre choix pourra r\u00e9server un atelier \u00e0 la date qui lui convient le mieux.<\/p>\n<p>Il lui suffira d\u2019entrer son code unique pour r\u00e9server sans avoir \u00e0 payer une seconde fois.<\/p>\n<p>Ce code offre une r\u00e9duction de 100\u202f% et tu le recevras par e-mail.<\/p>\n<p>\ud83c\udf81 Ce bon comprend :<\/p>\n<p>Un atelier 1 complet (2h30) pour 1 personne<br \/>\nTout le mat\u00e9riel est inclus<br \/>\nBoissons, musique et ambiance d\u00e9tendue<br \/>\nValidit\u00e9 : 12 mois<\/p>\n<p>Vous avez la possibilit\u00e9 de recevoir votre bon cadeau en format PDF ou dans une petite bo\u00eete avec un mini tapis, \u00e0 r\u00e9cup\u00e9rer dans notre boutique (calle L\u00e9rida 31 bajo, 46009, Valence).<\/p>\n<p>Vous recevrez un e-mail sous 24h pour personnaliser le bon<\/p>\n<p><!---- to hide the price ----><\/p>\n<style>#product-6969 > div.summary.entry-summary > p{display:none !important;}<\/style>\n<p><!---- to override the button ----><\/p>\n<div class=\"fhButton\">\n<a href=\"https:\/\/fareharbor.com\/embeds\/book\/epcustomrug\/?full-items=yes\" style=\"left: 20px !important; right: inherit !important; font-size:1.3em !important; font-weight:600 !important; letter-spacing: 1px !important; box-shadow:none !important; padding: .2em 1.2em !important;\" class=\"fh-lang-2 fh-button-true-flat-color\" target=\"_blank\" rel=\"noopener\">COMPRAR TARJETA DE REGALO<\/a>\n<\/div>\n<p><script>  \n  jQuery(document).ready(function($){\nvar fhButton = $('.fhButton');\n$('#product-6969 > div.summary.entry-summary > form').replaceWith(fhButton);\n  });\n<\/script> <\/p>\n<p><script>\u00a0 jQuery(document).ready(function($){\n\u00a0\u00a0\u00a0 var lang = $('html').attr('lang');\n\u00a0\u00a0\u00a0 if (lang == 'en-GB'){\n\u00a0\u00a0\u00a0\u00a0\u00a0\u00a0\u00a0\u00a0\u00a0 $('a.fh-lang-2').html('BUY GIFT CARD');\n\u00a0\u00a0\u00a0 }\n    if (lang == 'fr-FR'){\n\u00a0\u00a0\u00a0\u00a0\u00a0\u00a0\u00a0\u00a0\u00a0 $('a.fh-lang-2').html('ACHETER UNE CARTE CADEAU');\n\u00a0\u00a0\u00a0 }\n});\n<\/script><\/p>","protected":false},"excerpt":{"rendered":"<p>\ud83c\udf81 Un cadeau original pour cr\u00e9er ton propre tapis \u00e0 Valence.<br \/>\nLa personne pourra choisir la date qui lui convient.<\/p>","protected":false},"featured_media":6970,"comment_status":"open","ping_status":"closed","template":"","meta":{"_surecart_dashboard_logo_width":"180px","_surecart_dashboard_show_logo":true,"_surecart_dashboard_navigation_orders":true,"_surecart_dashboard_navigation_invoices":true,"_surecart_dashboard_navigation_subscriptions":true,"_surecart_dashboard_navigation_downloads":true,"_surecart_dashboard_navigation_billing":true,"_surecart_dashboard_navigation_account":true,"_uag_custom_page_level_css":"","site-sidebar-layout":"default","site-content-layout":"","ast-site-content-layout":"default","site-content-style":"default","site-sidebar-style":"default","ast-global-header-display":"","ast-banner-title-visibility":"","ast-main-header-display":"","ast-hfb-above-header-display":"","ast-hfb-below-header-display":"","ast-hfb-mobile-header-display":"","site-post-title":"","ast-breadcrumbs-content":"","ast-featured-img":"","footer-sml-layout":"","theme-transparent-header-meta":"default","adv-header-id-meta":"","stick-header-meta":"","header-above-stick-meta":"","header-main-stick-meta":"","header-below-stick-meta":"","astra-migrate-meta-layouts":"set","ast-page-background-enabled":"default","ast-page-background-meta":{"desktop":{"background-color":"var(--ast-global-color-4)","background-image":"","background-repeat":"repeat","background-position":"center center","background-size":"auto","background-attachment":"scroll","background-type":"","background-media":"","overlay-type":"","overlay-color":"","overlay-opacity":"","overlay-gradient":""},"tablet":{"background-color":"","background-image":"","background-repeat":"repeat","background-position":"center center","background-size":"auto","background-attachment":"scroll","background-type":"","background-media":"","overlay-type":"","overlay-color":"","overlay-opacity":"","overlay-gradient":""},"mobile":{"background-color":"","background-image":"","background-repeat":"repeat","background-position":"center center","background-size":"auto","background-attachment":"scroll","background-type":"","background-media":"","overlay-type":"","overlay-color":"","overlay-opacity":"","overlay-gradient":""}},"ast-content-background-meta":{"desktop":{"background-color":"var(--ast-global-color-5)","background-image":"","background-repeat":"repeat","background-position":"center center","background-size":"auto","background-attachment":"scroll","background-type":"","background-media":"","overlay-type":"","overlay-color":"","overlay-opacity":"","overlay-gradient":""},"tablet":{"background-color":"var(--ast-global-color-5)","background-image":"","background-repeat":"repeat","background-position":"center center","background-size":"auto","background-attachment":"scroll","background-type":"","background-media":"","overlay-type":"","overlay-color":"","overlay-opacity":"","overlay-gradient":""},"mobile":{"background-color":"var(--ast-global-color-5)","background-image":"","background-repeat":"repeat","background-position":"center center","background-size":"auto","background-attachment":"scroll","background-type":"","background-media":"","overlay-type":"","overlay-color":"","overlay-opacity":"","overlay-gradient":""}}},"product_brand":[],"product_cat":[53],"product_tag":[],"class_list":{"0":"post-6969","1":"product","2":"type-product","3":"status-publish","4":"has-post-thumbnail","6":"product_cat-bonos-regalo","7":"desktop-align-left","8":"tablet-align-left","9":"mobile-align-left","11":"first","12":"instock","13":"virtual","14":"taxable","15":"purchasable","16":"product-type-simple"},"uagb_featured_image_src":{"full":["https:\/\/epcustomrug.com\/wp-content\/uploads\/2025\/07\/bon-cadeau-classique-exemple-pdf.jpg",1058,1497,true],"thumbnail":["https:\/\/epcustomrug.com\/wp-content\/uploads\/2025\/07\/bon-cadeau-classique-exemple-pdf-106x150.jpg",106,150,true],"medium":["https:\/\/epcustomrug.com\/wp-content\/uploads\/2025\/07\/bon-cadeau-classique-exemple-pdf-212x300.jpg",212,300,true],"medium_large":["https:\/\/epcustomrug.com\/wp-content\/uploads\/2025\/07\/bon-cadeau-classique-exemple-pdf.jpg",768,1087,false],"large":["https:\/\/epcustomrug.com\/wp-content\/uploads\/2025\/07\/bon-cadeau-classique-exemple-pdf-724x1024.jpg",724,1024,true],"1536x1536":["https:\/\/epcustomrug.com\/wp-content\/uploads\/2025\/07\/bon-cadeau-classique-exemple-pdf.jpg",1058,1497,false],"2048x2048":["https:\/\/epcustomrug.com\/wp-content\/uploads\/2025\/07\/bon-cadeau-classique-exemple-pdf.jpg",1058,1497,false],"trp-custom-language-flag":["https:\/\/epcustomrug.com\/wp-content\/uploads\/2025\/07\/bon-cadeau-classique-exemple-pdf.jpg",8,12,false],"woocommerce_thumbnail":["https:\/\/epcustomrug.com\/wp-content\/uploads\/2025\/07\/bon-cadeau-classique-exemple-pdf.jpg",212,300,false],"woocommerce_single":["https:\/\/epcustomrug.com\/wp-content\/uploads\/2025\/07\/bon-cadeau-classique-exemple-pdf.jpg",600,849,false],"woocommerce_gallery_thumbnail":["https:\/\/epcustomrug.com\/wp-content\/uploads\/2025\/07\/bon-cadeau-classique-exemple-pdf.jpg",71,100,false]},"uagb_author_info":{"display_name":"pierre storder","author_link":"https:\/\/epcustomrug.com\/fr\/author\/"},"uagb_comment_info":0,"uagb_excerpt":"\ud83c\udf81 Un regalo original para crear tu propia alfombra en Val\u00e8ncia. La persona podr\u00e1 elegir la fecha que le convenga.","_links":{"self":[{"href":"https:\/\/epcustomrug.com\/fr\/wp-json\/wp\/v2\/product\/6969","targetHints":{"allow":["GET"]}}],"collection":[{"href":"https:\/\/epcustomrug.com\/fr\/wp-json\/wp\/v2\/product"}],"about":[{"href":"https:\/\/epcustomrug.com\/fr\/wp-json\/wp\/v2\/types\/product"}],"replies":[{"embeddable":true,"href":"https:\/\/epcustomrug.com\/fr\/wp-json\/wp\/v2\/comments?post=6969"}],"wp:featuredmedia":[{"embeddable":true,"href":"https:\/\/epcustomrug.com\/fr\/wp-json\/wp\/v2\/media\/6970"}],"wp:attachment":[{"href":"https:\/\/epcustomrug.com\/fr\/wp-json\/wp\/v2\/media?parent=6969"}],"wp:term":[{"taxonomy":"product_brand","embeddable":true,"href":"https:\/\/epcustomrug.com\/fr\/wp-json\/wp\/v2\/product_brand?post=6969"},{"taxonomy":"product_cat","embeddable":true,"href":"https:\/\/epcustomrug.com\/fr\/wp-json\/wp\/v2\/product_cat?post=6969"},{"taxonomy":"product_tag","embeddable":true,"href":"https:\/\/epcustomrug.com\/fr\/wp-json\/wp\/v2\/product_tag?post=6969"}],"curies":[{"name":"wp","href":"https:\/\/api.w.org\/{rel}","templated":true}]}}