{"id":6517,"date":"2025-04-16T10:58:32","date_gmt":"2025-04-16T08:58:32","guid":{"rendered":"https:\/\/epcustomrug.com\/?post_type=product&#038;p=6517"},"modified":"2025-08-06T22:36:41","modified_gmt":"2025-08-06T20:36:41","slug":"flor-blanco-y-morado","status":"publish","type":"product","link":"https:\/\/epcustomrug.com\/fr\/produit\/flor-blanco-y-morado\/","title":{"rendered":"Fleur blanche et mauve"},"content":{"rendered":"<div id=\"tab-description\" class=\"woocommerce-Tabs-panel woocommerce-Tabs-panel--description panel entry-content wc-tab\" role=\"tabpanel\" aria-labelledby=\"tab-title-description\">\n<p>Ces porte-cl\u00e9s allient parfaitement esth\u00e9tique et fonctionnalit\u00e9. Chacun est soigneusement pr\u00e9par\u00e9 et fabriqu\u00e9 avec des mat\u00e9riaux de haute qualit\u00e9. Ces porte-cl\u00e9s uniques sont une option fantastique pour exprimer votre style lors d\u2019occasions sp\u00e9ciales ou au quotidien.<\/p>\n<p>Tu peux utiliser tes porte-cl\u00e9s personnalis\u00e9s pour d\u00e9corer tes sacs, offrir des cadeaux sp\u00e9ciaux et significatifs \u00e0 tes proches, ajouter une touche d\u2019\u00e9l\u00e9gance \u00e0 ton portefeuille, identifier tes cl\u00e9s, d\u00e9corer ta maison et ton bureau, ou encore comme \u00e9tiquette de bagage.<\/p>\n<p>Dimensiones: 5 x 5 cm<\/p>\n<\/div>","protected":false},"excerpt":{"rendered":"<p>Porte-cl\u00e9s fait main<\/p>","protected":false},"featured_media":6507,"comment_status":"open","ping_status":"closed","template":"","meta":{"_surecart_dashboard_logo_width":"180px","_surecart_dashboard_show_logo":true,"_surecart_dashboard_navigation_orders":true,"_surecart_dashboard_navigation_invoices":true,"_surecart_dashboard_navigation_subscriptions":true,"_surecart_dashboard_navigation_downloads":true,"_surecart_dashboard_navigation_billing":true,"_surecart_dashboard_navigation_account":true,"_uag_custom_page_level_css":"","site-sidebar-layout":"default","site-content-layout":"","ast-site-content-layout":"default","site-content-style":"default","site-sidebar-style":"default","ast-global-header-display":"","ast-banner-title-visibility":"","ast-main-header-display":"","ast-hfb-above-header-display":"","ast-hfb-below-header-display":"","ast-hfb-mobile-header-display":"","site-post-title":"","ast-breadcrumbs-content":"","ast-featured-img":"","footer-sml-layout":"","theme-transparent-header-meta":"default","adv-header-id-meta":"","stick-header-meta":"","header-above-stick-meta":"","header-main-stick-meta":"","header-below-stick-meta":"","astra-migrate-meta-layouts":"set","ast-page-background-enabled":"default","ast-page-background-meta":{"desktop":{"background-color":"var(--ast-global-color-4)","background-image":"","background-repeat":"repeat","background-position":"center center","background-size":"auto","background-attachment":"scroll","background-type":"","background-media":"","overlay-type":"","overlay-color":"","overlay-opacity":"","overlay-gradient":""},"tablet":{"background-color":"","background-image":"","background-repeat":"repeat","background-position":"center center","background-size":"auto","background-attachment":"scroll","background-type":"","background-media":"","overlay-type":"","overlay-color":"","overlay-opacity":"","overlay-gradient":""},"mobile":{"background-color":"","background-image":"","background-repeat":"repeat","background-position":"center center","background-size":"auto","background-attachment":"scroll","background-type":"","background-media":"","overlay-type":"","overlay-color":"","overlay-opacity":"","overlay-gradient":""}},"ast-content-background-meta":{"desktop":{"background-color":"var(--ast-global-color-5)","background-image":"","background-repeat":"repeat","background-position":"center center","background-size":"auto","background-attachment":"scroll","background-type":"","background-media":"","overlay-type":"","overlay-color":"","overlay-opacity":"","overlay-gradient":""},"tablet":{"background-color":"var(--ast-global-color-5)","background-image":"","background-repeat":"repeat","background-position":"center center","background-size":"auto","background-attachment":"scroll","background-type":"","background-media":"","overlay-type":"","overlay-color":"","overlay-opacity":"","overlay-gradient":""},"mobile":{"background-color":"var(--ast-global-color-5)","background-image":"","background-repeat":"repeat","background-position":"center center","background-size":"auto","background-attachment":"scroll","background-type":"","background-media":"","overlay-type":"","overlay-color":"","overlay-opacity":"","overlay-gradient":""}}},"product_brand":[],"product_cat":[43],"product_tag":[],"class_list":{"0":"post-6517","1":"product","2":"type-product","3":"status-publish","4":"has-post-thumbnail","6":"product_cat-llaveros","7":"desktop-align-left","8":"tablet-align-left","9":"mobile-align-left","11":"first","12":"instock","13":"taxable","14":"shipping-taxable","15":"purchasable","16":"product-type-simple"},"uagb_featured_image_src":{"full":["https:\/\/epcustomrug.com\/wp-content\/uploads\/2025\/04\/image00311-copia-scaled.jpeg",1920,2560,false],"thumbnail":["https:\/\/epcustomrug.com\/wp-content\/uploads\/2025\/04\/image00311-copia-150x150.jpeg",150,150,true],"medium":["https:\/\/epcustomrug.com\/wp-content\/uploads\/2025\/04\/image00311-copia-225x300.jpeg",225,300,true],"medium_large":["https:\/\/epcustomrug.com\/wp-content\/uploads\/2025\/04\/image00311-copia-768x1024.jpeg",768,1024,true],"large":["https:\/\/epcustomrug.com\/wp-content\/uploads\/2025\/04\/image00311-copia-768x1024.jpeg",768,1024,true],"1536x1536":["https:\/\/epcustomrug.com\/wp-content\/uploads\/2025\/04\/image00311-copia-1152x1536.jpeg",1152,1536,true],"2048x2048":["https:\/\/epcustomrug.com\/wp-content\/uploads\/2025\/04\/image00311-copia-1536x2048.jpeg",1536,2048,true],"trp-custom-language-flag":["https:\/\/epcustomrug.com\/wp-content\/uploads\/2025\/04\/image00311-copia-9x12.jpeg",9,12,true],"woocommerce_thumbnail":["https:\/\/epcustomrug.com\/wp-content\/uploads\/2025\/04\/image00311-copia-300x300.jpeg",300,300,true],"woocommerce_single":["https:\/\/epcustomrug.com\/wp-content\/uploads\/2025\/04\/image00311-copia-600x800.jpeg",600,800,true],"woocommerce_gallery_thumbnail":["https:\/\/epcustomrug.com\/wp-content\/uploads\/2025\/04\/image00311-copia-100x100.jpeg",100,100,true]},"uagb_author_info":{"display_name":"pierre storder","author_link":"https:\/\/epcustomrug.com\/fr\/author\/"},"uagb_comment_info":0,"uagb_excerpt":"Llavero hecho a mano","_links":{"self":[{"href":"https:\/\/epcustomrug.com\/fr\/wp-json\/wp\/v2\/product\/6517","targetHints":{"allow":["GET"]}}],"collection":[{"href":"https:\/\/epcustomrug.com\/fr\/wp-json\/wp\/v2\/product"}],"about":[{"href":"https:\/\/epcustomrug.com\/fr\/wp-json\/wp\/v2\/types\/product"}],"replies":[{"embeddable":true,"href":"https:\/\/epcustomrug.com\/fr\/wp-json\/wp\/v2\/comments?post=6517"}],"wp:featuredmedia":[{"embeddable":true,"href":"https:\/\/epcustomrug.com\/fr\/wp-json\/wp\/v2\/media\/6507"}],"wp:attachment":[{"href":"https:\/\/epcustomrug.com\/fr\/wp-json\/wp\/v2\/media?parent=6517"}],"wp:term":[{"taxonomy":"product_brand","embeddable":true,"href":"https:\/\/epcustomrug.com\/fr\/wp-json\/wp\/v2\/product_brand?post=6517"},{"taxonomy":"product_cat","embeddable":true,"href":"https:\/\/epcustomrug.com\/fr\/wp-json\/wp\/v2\/product_cat?post=6517"},{"taxonomy":"product_tag","embeddable":true,"href":"https:\/\/epcustomrug.com\/fr\/wp-json\/wp\/v2\/product_tag?post=6517"}],"curies":[{"name":"wp","href":"https:\/\/api.w.org\/{rel}","templated":true}]}}