{"id":6469,"date":"2025-04-15T16:05:15","date_gmt":"2025-04-15T14:05:15","guid":{"rendered":"https:\/\/epcustomrug.com\/?post_type=product&#038;p=6469"},"modified":"2025-08-06T22:46:47","modified_gmt":"2025-08-06T20:46:47","slug":"cojin-circular-morado","status":"publish","type":"product","link":"https:\/\/epcustomrug.com\/fr\/produit\/cojin-circular-morado\/","title":{"rendered":"Coussin rond mauve"},"content":{"rendered":"<div class=\"woocommerce-product-details__short-description\">\n<div id=\"tab-description\" class=\"woocommerce-Tabs-panel woocommerce-Tabs-panel--description panel entry-content wc-tab\" role=\"tabpanel\" aria-labelledby=\"tab-title-description\">\n<div id=\"tab-description\" class=\"woocommerce-Tabs-panel woocommerce-Tabs-panel--description panel entry-content wc-tab\" role=\"tabpanel\" aria-labelledby=\"tab-title-description\">\n<p>Notre coussin est le compl\u00e9ment parfait pour tout int\u00e9rieur, destin\u00e9 aux amateurs de designs uniques et saisissants. Ce coussin est une pi\u00e8ce unique qui ne passera pas inaper\u00e7ue. Son design ludique et distinctif est parfait pour ceux qui souhaitent ajouter une touche de personnalit\u00e9 \u00e0 leur salon. C\u2019est un excellent sujet de conversation et une mani\u00e8re amusante d\u2019apporter du caract\u00e8re \u00e0 votre maison.<\/p>\n<p>De plus, le coussin apporte une touche d\u2019\u00e9l\u00e9gance et de sophistication \u00e0 n\u2019importe quelle pi\u00e8ce. Il peut \u00eatre utilis\u00e9 dans de nombreuses zones de la maison, du salon \u00e0 la salle de jeux, voire m\u00eame dans la chambre. La texture douce et duveteuse du coussin offre une surface confortable, ce qui le rend id\u00e9al pour se reposer, lire ou simplement se d\u00e9tendre.<\/p>\n<p>Ce coussin est un cadeau id\u00e9al pour les amateurs de d\u00e9coration unique et originale. C\u2019est un cadeau cr\u00e9atif et r\u00e9fl\u00e9chi pour toute occasion, qu\u2019il s\u2019agisse d\u2019un anniversaire, d\u2019une pendaison de cr\u00e9maill\u00e8re, ou simplement d\u2019une petite g\u00e2terie pour soi-m\u00eame.<\/p>\n<p>Alors, si vous cherchez \u00e0 ajouter un peu de personnalit\u00e9 et de style \u00e0 la d\u00e9coration de votre maison, ne cherchez plus !<\/p>\n<p>100% acrylique<\/p>\n<p>Antibact\u00e9rien<\/p>\n<p>Housse amovible<\/p>\n<p>100% fait \u00e0 la main.<\/p>\n<p>Confortable et doux.<\/p>\n<p>R\u00e9sistant \u00e0 l'usure.<\/p>\n<p>Il conserve son aspect esth\u00e9tique pendant de nombreuses ann\u00e9es.<\/p>\n<p>Fabriqu\u00e9 en fil acrylique.<\/p>\n<p>OPTIONS : Ce tapis peut \u00eatre fabriqu\u00e9 dans d'autres couleurs et dimensions. Veuillez nous contacter pour plus d'informations.<\/p>\n<p>Remarque : Comme vous le savez, nos tapis sont faits \u00e0 la main et pr\u00e9par\u00e9s sp\u00e9cialement pour vous. Par cons\u00e9quent, au d\u00e9but, comme pour tous les tapis en peluche nouvellement achet\u00e9s, il se peut qu'il y ait un peu de mue. Ces pertes cesseront peu de temps apr\u00e8s que vous aurez commenc\u00e9 \u00e0 utiliser les tapis.<\/p>\n<\/div>\n<\/div>\n<\/div>","protected":false},"excerpt":{"rendered":"<p>Coussin fait main de 40 cm de diam\u00e8tre<\/p>","protected":false},"featured_media":6464,"comment_status":"open","ping_status":"closed","template":"","meta":{"_surecart_dashboard_logo_width":"180px","_surecart_dashboard_show_logo":true,"_surecart_dashboard_navigation_orders":true,"_surecart_dashboard_navigation_invoices":true,"_surecart_dashboard_navigation_subscriptions":true,"_surecart_dashboard_navigation_downloads":true,"_surecart_dashboard_navigation_billing":true,"_surecart_dashboard_navigation_account":true,"_uag_custom_page_level_css":"","site-sidebar-layout":"default","site-content-layout":"","ast-site-content-layout":"default","site-content-style":"default","site-sidebar-style":"default","ast-global-header-display":"","ast-banner-title-visibility":"","ast-main-header-display":"","ast-hfb-above-header-display":"","ast-hfb-below-header-display":"","ast-hfb-mobile-header-display":"","site-post-title":"","ast-breadcrumbs-content":"","ast-featured-img":"","footer-sml-layout":"","theme-transparent-header-meta":"default","adv-header-id-meta":"","stick-header-meta":"","header-above-stick-meta":"","header-main-stick-meta":"","header-below-stick-meta":"","astra-migrate-meta-layouts":"set","ast-page-background-enabled":"default","ast-page-background-meta":{"desktop":{"background-color":"var(--ast-global-color-4)","background-image":"","background-repeat":"repeat","background-position":"center center","background-size":"auto","background-attachment":"scroll","background-type":"","background-media":"","overlay-type":"","overlay-color":"","overlay-opacity":"","overlay-gradient":""},"tablet":{"background-color":"","background-image":"","background-repeat":"repeat","background-position":"center center","background-size":"auto","background-attachment":"scroll","background-type":"","background-media":"","overlay-type":"","overlay-color":"","overlay-opacity":"","overlay-gradient":""},"mobile":{"background-color":"","background-image":"","background-repeat":"repeat","background-position":"center center","background-size":"auto","background-attachment":"scroll","background-type":"","background-media":"","overlay-type":"","overlay-color":"","overlay-opacity":"","overlay-gradient":""}},"ast-content-background-meta":{"desktop":{"background-color":"var(--ast-global-color-5)","background-image":"","background-repeat":"repeat","background-position":"center center","background-size":"auto","background-attachment":"scroll","background-type":"","background-media":"","overlay-type":"","overlay-color":"","overlay-opacity":"","overlay-gradient":""},"tablet":{"background-color":"var(--ast-global-color-5)","background-image":"","background-repeat":"repeat","background-position":"center center","background-size":"auto","background-attachment":"scroll","background-type":"","background-media":"","overlay-type":"","overlay-color":"","overlay-opacity":"","overlay-gradient":""},"mobile":{"background-color":"var(--ast-global-color-5)","background-image":"","background-repeat":"repeat","background-position":"center center","background-size":"auto","background-attachment":"scroll","background-type":"","background-media":"","overlay-type":"","overlay-color":"","overlay-opacity":"","overlay-gradient":""}}},"product_brand":[],"product_cat":[40],"product_tag":[],"class_list":{"0":"post-6469","1":"product","2":"type-product","3":"status-publish","4":"has-post-thumbnail","6":"product_cat-cojines","7":"desktop-align-left","8":"tablet-align-left","9":"mobile-align-left","11":"first","12":"instock","13":"taxable","14":"shipping-taxable","15":"purchasable","16":"product-type-simple"},"uagb_featured_image_src":{"full":["https:\/\/epcustomrug.com\/wp-content\/uploads\/2025\/04\/Captura-de-pantalla-2025-03-24-125742.png",463,816,false],"thumbnail":["https:\/\/epcustomrug.com\/wp-content\/uploads\/2025\/04\/Captura-de-pantalla-2025-03-24-125742-150x150.png",150,150,true],"medium":["https:\/\/epcustomrug.com\/wp-content\/uploads\/2025\/04\/Captura-de-pantalla-2025-03-24-125742-170x300.png",170,300,true],"medium_large":["https:\/\/epcustomrug.com\/wp-content\/uploads\/2025\/04\/Captura-de-pantalla-2025-03-24-125742.png",463,816,false],"large":["https:\/\/epcustomrug.com\/wp-content\/uploads\/2025\/04\/Captura-de-pantalla-2025-03-24-125742.png",463,816,false],"1536x1536":["https:\/\/epcustomrug.com\/wp-content\/uploads\/2025\/04\/Captura-de-pantalla-2025-03-24-125742.png",463,816,false],"2048x2048":["https:\/\/epcustomrug.com\/wp-content\/uploads\/2025\/04\/Captura-de-pantalla-2025-03-24-125742.png",463,816,false],"trp-custom-language-flag":["https:\/\/epcustomrug.com\/wp-content\/uploads\/2025\/04\/Captura-de-pantalla-2025-03-24-125742-7x12.png",7,12,true],"woocommerce_thumbnail":["https:\/\/epcustomrug.com\/wp-content\/uploads\/2025\/04\/Captura-de-pantalla-2025-03-24-125742-300x300.png",300,300,true],"woocommerce_single":["https:\/\/epcustomrug.com\/wp-content\/uploads\/2025\/04\/Captura-de-pantalla-2025-03-24-125742.png",463,816,false],"woocommerce_gallery_thumbnail":["https:\/\/epcustomrug.com\/wp-content\/uploads\/2025\/04\/Captura-de-pantalla-2025-03-24-125742-100x100.png",100,100,true]},"uagb_author_info":{"display_name":"pierre storder","author_link":"https:\/\/epcustomrug.com\/fr\/author\/"},"uagb_comment_info":0,"uagb_excerpt":"Coj\u00edn hecho a mano de 40 cm de di\u00e1metro","_links":{"self":[{"href":"https:\/\/epcustomrug.com\/fr\/wp-json\/wp\/v2\/product\/6469","targetHints":{"allow":["GET"]}}],"collection":[{"href":"https:\/\/epcustomrug.com\/fr\/wp-json\/wp\/v2\/product"}],"about":[{"href":"https:\/\/epcustomrug.com\/fr\/wp-json\/wp\/v2\/types\/product"}],"replies":[{"embeddable":true,"href":"https:\/\/epcustomrug.com\/fr\/wp-json\/wp\/v2\/comments?post=6469"}],"wp:featuredmedia":[{"embeddable":true,"href":"https:\/\/epcustomrug.com\/fr\/wp-json\/wp\/v2\/media\/6464"}],"wp:attachment":[{"href":"https:\/\/epcustomrug.com\/fr\/wp-json\/wp\/v2\/media?parent=6469"}],"wp:term":[{"taxonomy":"product_brand","embeddable":true,"href":"https:\/\/epcustomrug.com\/fr\/wp-json\/wp\/v2\/product_brand?post=6469"},{"taxonomy":"product_cat","embeddable":true,"href":"https:\/\/epcustomrug.com\/fr\/wp-json\/wp\/v2\/product_cat?post=6469"},{"taxonomy":"product_tag","embeddable":true,"href":"https:\/\/epcustomrug.com\/fr\/wp-json\/wp\/v2\/product_tag?post=6469"}],"curies":[{"name":"wp","href":"https:\/\/api.w.org\/{rel}","templated":true}]}}