{"id":5406,"date":"2024-10-16T02:35:20","date_gmt":"2024-10-16T02:35:20","guid":{"rendered":"https:\/\/epcustomrug.com\/?post_type=product&#038;p=5406"},"modified":"2024-10-16T02:39:39","modified_gmt":"2024-10-16T02:39:39","slug":"skull","status":"publish","type":"product","link":"https:\/\/epcustomrug.com\/fr\/produit\/skull\/","title":{"rendered":"Cr\u00e2ne"},"content":{"rendered":"<p>Notre tapis est le compl\u00e9ment id\u00e9al pour tout design d\u2019int\u00e9rieur, parfait pour ceux qui aiment une d\u00e9coration unique et saisissante.<\/p>\n<p>Ce tapis est une pi\u00e8ce unique, enti\u00e8rement faite \u00e0 la main, qui attirera s\u00fbrement l\u2019attention dans n\u2019importe quelle pi\u00e8ce. De plus, sa forme ajoute une touche d\u2019\u00e9l\u00e9gance et de sophistication \u00e0 tout espace.<\/p>\n<p>Il peut \u00eatre utilis\u00e9 dans de nombreuses zones de la maison, du salon \u00e0 la salle de jeux, voire m\u00eame dans la chambre.<\/p>\n<p>La texture douce et duveteuse du tapis offre une surface confortable sous les pieds, ce qui le rend id\u00e9al pour se reposer, lire ou simplement se d\u00e9tendre.<\/p>\n<p>Ce tapis est un cadeau id\u00e9al pour les amateurs de d\u00e9corations uniques et originales. C\u2019est un cadeau r\u00e9fl\u00e9chi et cr\u00e9atif pour toute occasion, qu\u2019il s\u2019agisse d\u2019un anniversaire, d\u2019une f\u00eate ou d\u2019une r\u00e9union.<\/p>\n<p>100% acrylique<\/p>\n<p>Antibact\u00e9rien<\/p>\n<p>Semelle antid\u00e9rapante.<\/p>\n<p>100% fait \u00e0 la main.<\/p>\n<p>Confortable et doux.<\/p>\n<p>R\u00e9sistant \u00e0 l'usure.<\/p>\n<p>La taille et la couleur peuvent \u00eatre modifi\u00e9es.<\/p>","protected":false},"excerpt":{"rendered":"<p>Tapis tuft\u00e9 \u00e0 la main 80 cm x 50 cm<\/p>","protected":false},"featured_media":5409,"comment_status":"open","ping_status":"closed","template":"","meta":{"_surecart_dashboard_logo_width":"180px","_surecart_dashboard_show_logo":true,"_surecart_dashboard_navigation_orders":true,"_surecart_dashboard_navigation_invoices":true,"_surecart_dashboard_navigation_subscriptions":true,"_surecart_dashboard_navigation_downloads":true,"_surecart_dashboard_navigation_billing":true,"_surecart_dashboard_navigation_account":true,"_uag_custom_page_level_css":"","site-sidebar-layout":"default","site-content-layout":"","ast-site-content-layout":"default","site-content-style":"default","site-sidebar-style":"default","ast-global-header-display":"","ast-banner-title-visibility":"","ast-main-header-display":"","ast-hfb-above-header-display":"","ast-hfb-below-header-display":"","ast-hfb-mobile-header-display":"","site-post-title":"","ast-breadcrumbs-content":"","ast-featured-img":"","footer-sml-layout":"","theme-transparent-header-meta":"default","adv-header-id-meta":"","stick-header-meta":"","header-above-stick-meta":"","header-main-stick-meta":"","header-below-stick-meta":"","astra-migrate-meta-layouts":"set","ast-page-background-enabled":"default","ast-page-background-meta":{"desktop":{"background-color":"var(--ast-global-color-4)","background-image":"","background-repeat":"repeat","background-position":"center center","background-size":"auto","background-attachment":"scroll","background-type":"","background-media":"","overlay-type":"","overlay-color":"","overlay-opacity":"","overlay-gradient":""},"tablet":{"background-color":"","background-image":"","background-repeat":"repeat","background-position":"center center","background-size":"auto","background-attachment":"scroll","background-type":"","background-media":"","overlay-type":"","overlay-color":"","overlay-opacity":"","overlay-gradient":""},"mobile":{"background-color":"","background-image":"","background-repeat":"repeat","background-position":"center center","background-size":"auto","background-attachment":"scroll","background-type":"","background-media":"","overlay-type":"","overlay-color":"","overlay-opacity":"","overlay-gradient":""}},"ast-content-background-meta":{"desktop":{"background-color":"var(--ast-global-color-5)","background-image":"","background-repeat":"repeat","background-position":"center center","background-size":"auto","background-attachment":"scroll","background-type":"","background-media":"","overlay-type":"","overlay-color":"","overlay-opacity":"","overlay-gradient":""},"tablet":{"background-color":"var(--ast-global-color-5)","background-image":"","background-repeat":"repeat","background-position":"center center","background-size":"auto","background-attachment":"scroll","background-type":"","background-media":"","overlay-type":"","overlay-color":"","overlay-opacity":"","overlay-gradient":""},"mobile":{"background-color":"var(--ast-global-color-5)","background-image":"","background-repeat":"repeat","background-position":"center center","background-size":"auto","background-attachment":"scroll","background-type":"","background-media":"","overlay-type":"","overlay-color":"","overlay-opacity":"","overlay-gradient":""}}},"product_brand":[],"product_cat":[37],"product_tag":[],"class_list":{"0":"post-5406","1":"product","2":"type-product","3":"status-publish","4":"has-post-thumbnail","6":"product_cat-alfombras","7":"desktop-align-left","8":"tablet-align-left","9":"mobile-align-left","11":"first","12":"instock","13":"taxable","14":"shipping-taxable","15":"purchasable","16":"product-type-simple"},"uagb_featured_image_src":{"full":["https:\/\/epcustomrug.com\/wp-content\/uploads\/2024\/10\/b62e4f_192f08917d8543cca0cd6634e7bc5eaamv2.webp",500,750,false],"thumbnail":["https:\/\/epcustomrug.com\/wp-content\/uploads\/2024\/10\/b62e4f_192f08917d8543cca0cd6634e7bc5eaamv2-150x150.webp",150,150,true],"medium":["https:\/\/epcustomrug.com\/wp-content\/uploads\/2024\/10\/b62e4f_192f08917d8543cca0cd6634e7bc5eaamv2-200x300.webp",200,300,true],"medium_large":["https:\/\/epcustomrug.com\/wp-content\/uploads\/2024\/10\/b62e4f_192f08917d8543cca0cd6634e7bc5eaamv2.webp",500,750,false],"large":["https:\/\/epcustomrug.com\/wp-content\/uploads\/2024\/10\/b62e4f_192f08917d8543cca0cd6634e7bc5eaamv2.webp",500,750,false],"1536x1536":["https:\/\/epcustomrug.com\/wp-content\/uploads\/2024\/10\/b62e4f_192f08917d8543cca0cd6634e7bc5eaamv2.webp",500,750,false],"2048x2048":["https:\/\/epcustomrug.com\/wp-content\/uploads\/2024\/10\/b62e4f_192f08917d8543cca0cd6634e7bc5eaamv2.webp",500,750,false],"trp-custom-language-flag":["https:\/\/epcustomrug.com\/wp-content\/uploads\/2024\/10\/b62e4f_192f08917d8543cca0cd6634e7bc5eaamv2-8x12.webp",8,12,true],"woocommerce_thumbnail":["https:\/\/epcustomrug.com\/wp-content\/uploads\/2024\/10\/b62e4f_192f08917d8543cca0cd6634e7bc5eaamv2-300x300.webp",300,300,true],"woocommerce_single":["https:\/\/epcustomrug.com\/wp-content\/uploads\/2024\/10\/b62e4f_192f08917d8543cca0cd6634e7bc5eaamv2.webp",500,750,false],"woocommerce_gallery_thumbnail":["https:\/\/epcustomrug.com\/wp-content\/uploads\/2024\/10\/b62e4f_192f08917d8543cca0cd6634e7bc5eaamv2-100x100.webp",100,100,true]},"uagb_author_info":{"display_name":"Juan Manuel Londo\u00f1o Jaramillo","author_link":"https:\/\/epcustomrug.com\/fr\/author\/"},"uagb_comment_info":0,"uagb_excerpt":"Alfombra capiton\u00e9 a mano de 80 cm x 65 cm","_links":{"self":[{"href":"https:\/\/epcustomrug.com\/fr\/wp-json\/wp\/v2\/product\/5406","targetHints":{"allow":["GET"]}}],"collection":[{"href":"https:\/\/epcustomrug.com\/fr\/wp-json\/wp\/v2\/product"}],"about":[{"href":"https:\/\/epcustomrug.com\/fr\/wp-json\/wp\/v2\/types\/product"}],"replies":[{"embeddable":true,"href":"https:\/\/epcustomrug.com\/fr\/wp-json\/wp\/v2\/comments?post=5406"}],"wp:featuredmedia":[{"embeddable":true,"href":"https:\/\/epcustomrug.com\/fr\/wp-json\/wp\/v2\/media\/5409"}],"wp:attachment":[{"href":"https:\/\/epcustomrug.com\/fr\/wp-json\/wp\/v2\/media?parent=5406"}],"wp:term":[{"taxonomy":"product_brand","embeddable":true,"href":"https:\/\/epcustomrug.com\/fr\/wp-json\/wp\/v2\/product_brand?post=5406"},{"taxonomy":"product_cat","embeddable":true,"href":"https:\/\/epcustomrug.com\/fr\/wp-json\/wp\/v2\/product_cat?post=5406"},{"taxonomy":"product_tag","embeddable":true,"href":"https:\/\/epcustomrug.com\/fr\/wp-json\/wp\/v2\/product_tag?post=5406"}],"curies":[{"name":"wp","href":"https:\/\/api.w.org\/{rel}","templated":true}]}}