{"id":5402,"date":"2024-10-16T02:32:59","date_gmt":"2024-10-16T02:32:59","guid":{"rendered":"https:\/\/epcustomrug.com\/?post_type=product&#038;p=5402"},"modified":"2024-10-16T02:35:09","modified_gmt":"2024-10-16T02:35:09","slug":"stitch","status":"publish","type":"product","link":"https:\/\/epcustomrug.com\/fr\/produit\/stitch\/","title":{"rendered":"Stitch"},"content":{"rendered":"<p>Notre tapis est le compl\u00e9ment parfait \u00e0 toute d\u00e9coration int\u00e9rieure pour ceux qui aiment une d\u00e9co unique et saisissante. Ce tapis est une pi\u00e8ce unique qui fera assur\u00e9ment sensation dans n\u2019importe quelle pi\u00e8ce. Son design ludique et distinctif est id\u00e9al pour ceux qui souhaitent ajouter une touche de personnalit\u00e9 \u00e0 leur espace. C\u2019est un excellent d\u00e9clencheur de conversation et une mani\u00e8re amusante d\u2019apporter du caract\u00e8re \u00e0 votre maison.<\/p>\n<p>De plus, la forme du tapis ajoute une touche d\u2019\u00e9l\u00e9gance et de sophistication \u00e0 n\u2019importe quelle pi\u00e8ce. Il peut \u00eatre utilis\u00e9 dans de nombreux endroits de votre maison, du salon \u00e0 la salle de jeux, voire m\u00eame dans votre chambre. La texture douce et duveteuse du tapis offre une surface confortable sous les pieds, ce qui le rend parfait pour se reposer, lire ou simplement se d\u00e9tendre.<\/p>\n<p>Ce tapis est un cadeau parfait pour ceux qui aiment une d\u00e9coration unique et distinctive. C\u2019est un cadeau r\u00e9fl\u00e9chi et cr\u00e9atif pour toute occasion, qu\u2019il s\u2019agisse d\u2019un anniversaire, d\u2019une pendaison de cr\u00e9maill\u00e8re, ou m\u00eame d\u2019un cadeau sp\u00e9cial pour vous-m\u00eame.<\/p>\n<p>Alors, si vous cherchez \u00e0 ajouter un peu de personnalit\u00e9 et de style \u00e0 la d\u00e9coration de votre maison, ne cherchez plus !<\/p>\n<p>100% acrylique<\/p>\n<p>Antibact\u00e9rien<\/p>\n<p>Semelle antid\u00e9rapante.<\/p>\n<p>100% fait \u00e0 la main.<\/p>\n<p>Confortable et doux.<\/p>\n<p>R\u00e9sistant \u00e0 l'usure.<\/p>\n<p>Il conserve son aspect esth\u00e9tique pendant de nombreuses ann\u00e9es.<\/p>\n<p>Fabriqu\u00e9 en fil acrylique.<\/p>\n<p>OPTIONS : Ce tapis peut \u00eatre fabriqu\u00e9 dans d'autres couleurs et dimensions. Veuillez nous contacter pour plus d'informations.<\/p>\n<p>Remarque : Comme vous le savez, nos tapis sont faits \u00e0 la main et pr\u00e9par\u00e9s sp\u00e9cialement pour vous. Par cons\u00e9quent, au d\u00e9but, comme pour tous les tapis en peluche nouvellement achet\u00e9s, il se peut qu'il y ait un peu de mue. Ces pertes cesseront peu de temps apr\u00e8s que vous aurez commenc\u00e9 \u00e0 utiliser les tapis.<\/p>","protected":false},"excerpt":{"rendered":"<p>Tapis tuft\u00e9 \u00e0 la main 80 cm x 80 cm<\/p>","protected":false},"featured_media":5403,"comment_status":"open","ping_status":"closed","template":"","meta":{"_surecart_dashboard_logo_width":"180px","_surecart_dashboard_show_logo":true,"_surecart_dashboard_navigation_orders":true,"_surecart_dashboard_navigation_invoices":true,"_surecart_dashboard_navigation_subscriptions":true,"_surecart_dashboard_navigation_downloads":true,"_surecart_dashboard_navigation_billing":true,"_surecart_dashboard_navigation_account":true,"_uag_custom_page_level_css":"","site-sidebar-layout":"default","site-content-layout":"","ast-site-content-layout":"default","site-content-style":"default","site-sidebar-style":"default","ast-global-header-display":"","ast-banner-title-visibility":"","ast-main-header-display":"","ast-hfb-above-header-display":"","ast-hfb-below-header-display":"","ast-hfb-mobile-header-display":"","site-post-title":"","ast-breadcrumbs-content":"","ast-featured-img":"","footer-sml-layout":"","theme-transparent-header-meta":"default","adv-header-id-meta":"","stick-header-meta":"","header-above-stick-meta":"","header-main-stick-meta":"","header-below-stick-meta":"","astra-migrate-meta-layouts":"set","ast-page-background-enabled":"default","ast-page-background-meta":{"desktop":{"background-color":"var(--ast-global-color-4)","background-image":"","background-repeat":"repeat","background-position":"center center","background-size":"auto","background-attachment":"scroll","background-type":"","background-media":"","overlay-type":"","overlay-color":"","overlay-opacity":"","overlay-gradient":""},"tablet":{"background-color":"","background-image":"","background-repeat":"repeat","background-position":"center center","background-size":"auto","background-attachment":"scroll","background-type":"","background-media":"","overlay-type":"","overlay-color":"","overlay-opacity":"","overlay-gradient":""},"mobile":{"background-color":"","background-image":"","background-repeat":"repeat","background-position":"center center","background-size":"auto","background-attachment":"scroll","background-type":"","background-media":"","overlay-type":"","overlay-color":"","overlay-opacity":"","overlay-gradient":""}},"ast-content-background-meta":{"desktop":{"background-color":"var(--ast-global-color-5)","background-image":"","background-repeat":"repeat","background-position":"center center","background-size":"auto","background-attachment":"scroll","background-type":"","background-media":"","overlay-type":"","overlay-color":"","overlay-opacity":"","overlay-gradient":""},"tablet":{"background-color":"var(--ast-global-color-5)","background-image":"","background-repeat":"repeat","background-position":"center center","background-size":"auto","background-attachment":"scroll","background-type":"","background-media":"","overlay-type":"","overlay-color":"","overlay-opacity":"","overlay-gradient":""},"mobile":{"background-color":"var(--ast-global-color-5)","background-image":"","background-repeat":"repeat","background-position":"center center","background-size":"auto","background-attachment":"scroll","background-type":"","background-media":"","overlay-type":"","overlay-color":"","overlay-opacity":"","overlay-gradient":""}}},"product_brand":[],"product_cat":[37],"product_tag":[],"class_list":{"0":"post-5402","1":"product","2":"type-product","3":"status-publish","4":"has-post-thumbnail","6":"product_cat-alfombras","7":"desktop-align-left","8":"tablet-align-left","9":"mobile-align-left","11":"first","12":"instock","13":"taxable","14":"shipping-taxable","15":"purchasable","16":"product-type-simple"},"uagb_featured_image_src":{"full":["https:\/\/epcustomrug.com\/wp-content\/uploads\/2024\/10\/b62e4f_a053e4447d14491eb18f6700a5b14092mv2-1.webp",500,667,false],"thumbnail":["https:\/\/epcustomrug.com\/wp-content\/uploads\/2024\/10\/b62e4f_a053e4447d14491eb18f6700a5b14092mv2-1-150x150.webp",150,150,true],"medium":["https:\/\/epcustomrug.com\/wp-content\/uploads\/2024\/10\/b62e4f_a053e4447d14491eb18f6700a5b14092mv2-1-225x300.webp",225,300,true],"medium_large":["https:\/\/epcustomrug.com\/wp-content\/uploads\/2024\/10\/b62e4f_a053e4447d14491eb18f6700a5b14092mv2-1.webp",500,667,false],"large":["https:\/\/epcustomrug.com\/wp-content\/uploads\/2024\/10\/b62e4f_a053e4447d14491eb18f6700a5b14092mv2-1.webp",500,667,false],"1536x1536":["https:\/\/epcustomrug.com\/wp-content\/uploads\/2024\/10\/b62e4f_a053e4447d14491eb18f6700a5b14092mv2-1.webp",500,667,false],"2048x2048":["https:\/\/epcustomrug.com\/wp-content\/uploads\/2024\/10\/b62e4f_a053e4447d14491eb18f6700a5b14092mv2-1.webp",500,667,false],"trp-custom-language-flag":["https:\/\/epcustomrug.com\/wp-content\/uploads\/2024\/10\/b62e4f_a053e4447d14491eb18f6700a5b14092mv2-1-9x12.webp",9,12,true],"woocommerce_thumbnail":["https:\/\/epcustomrug.com\/wp-content\/uploads\/2024\/10\/b62e4f_a053e4447d14491eb18f6700a5b14092mv2-1-300x300.webp",300,300,true],"woocommerce_single":["https:\/\/epcustomrug.com\/wp-content\/uploads\/2024\/10\/b62e4f_a053e4447d14491eb18f6700a5b14092mv2-1.webp",500,667,false],"woocommerce_gallery_thumbnail":["https:\/\/epcustomrug.com\/wp-content\/uploads\/2024\/10\/b62e4f_a053e4447d14491eb18f6700a5b14092mv2-1-100x100.webp",100,100,true]},"uagb_author_info":{"display_name":"Juan Manuel Londo\u00f1o Jaramillo","author_link":"https:\/\/epcustomrug.com\/fr\/author\/"},"uagb_comment_info":0,"uagb_excerpt":"Alfombra capiton\u00e9 a mano de 80 cm x 80 cm","_links":{"self":[{"href":"https:\/\/epcustomrug.com\/fr\/wp-json\/wp\/v2\/product\/5402","targetHints":{"allow":["GET"]}}],"collection":[{"href":"https:\/\/epcustomrug.com\/fr\/wp-json\/wp\/v2\/product"}],"about":[{"href":"https:\/\/epcustomrug.com\/fr\/wp-json\/wp\/v2\/types\/product"}],"replies":[{"embeddable":true,"href":"https:\/\/epcustomrug.com\/fr\/wp-json\/wp\/v2\/comments?post=5402"}],"wp:featuredmedia":[{"embeddable":true,"href":"https:\/\/epcustomrug.com\/fr\/wp-json\/wp\/v2\/media\/5403"}],"wp:attachment":[{"href":"https:\/\/epcustomrug.com\/fr\/wp-json\/wp\/v2\/media?parent=5402"}],"wp:term":[{"taxonomy":"product_brand","embeddable":true,"href":"https:\/\/epcustomrug.com\/fr\/wp-json\/wp\/v2\/product_brand?post=5402"},{"taxonomy":"product_cat","embeddable":true,"href":"https:\/\/epcustomrug.com\/fr\/wp-json\/wp\/v2\/product_cat?post=5402"},{"taxonomy":"product_tag","embeddable":true,"href":"https:\/\/epcustomrug.com\/fr\/wp-json\/wp\/v2\/product_tag?post=5402"}],"curies":[{"name":"wp","href":"https:\/\/api.w.org\/{rel}","templated":true}]}}