{"id":5394,"date":"2024-10-16T02:27:54","date_gmt":"2024-10-16T02:27:54","guid":{"rendered":"https:\/\/epcustomrug.com\/?post_type=product&#038;p=5394"},"modified":"2024-10-16T02:30:19","modified_gmt":"2024-10-16T02:30:19","slug":"doggy","status":"publish","type":"product","link":"https:\/\/epcustomrug.com\/fr\/produit\/doggy\/","title":{"rendered":"Chien"},"content":{"rendered":"<p>Ce tapis est une pi\u00e8ce unique qui ne passera pas inaper\u00e7ue. Son design ludique et distinctif est parfait pour ceux qui souhaitent ajouter une touche de personnalit\u00e9 \u00e0 leur espace. C\u2019est un excellent sujet de conversation et une fa\u00e7on amusante d\u2019apporter du caract\u00e8re \u00e0 votre maison.<\/p>\n<p>En outre, la forme du tapis ajoute une touche d'\u00e9l\u00e9gance et de sophistication \u00e0 n'importe quelle pi\u00e8ce. La texture pelucheuse du tapis offre une surface confortable.<\/p>\n<p>Ce tapis est un cadeau id\u00e9al pour les amateurs de d\u00e9coration unique et originale. C'est un cadeau cr\u00e9atif et attentionn\u00e9 pour toutes les occasions, des anniversaires aux pendaisons de cr\u00e9maill\u00e8re, ou m\u00eame pour se faire plaisir.<\/p>\n<p>Ce tapis est un cadeau id\u00e9al pour ceux qui aiment les d\u00e9cors uniques et originaux. Il s'agit d'un cadeau r\u00e9fl\u00e9chi et cr\u00e9atif pour toutes les occasions, qu'il s'agisse d'un anniversaire, d'une f\u00eate ou d'une soir\u00e9e.<\/p>\n<p>100% acrylique<\/p>\n<p>Antibact\u00e9rien<\/p>\n<p>Semelle antid\u00e9rapante.<\/p>\n<p>100% fait \u00e0 la main.<\/p>\n<p>Confortable et doux.<\/p>\n<p>R\u00e9sistant \u00e0 l'usure.<\/p>\n<p>Il conserve son aspect esth\u00e9tique pendant de nombreuses ann\u00e9es.<\/p>\n<p>OPTIONS : Ce tapis peut \u00eatre fabriqu\u00e9 dans d'autres couleurs et dimensions. Veuillez nous contacter pour plus d'informations.<\/p>\n<p>Remarque : Comme vous le savez, nos tapis sont faits \u00e0 la main et pr\u00e9par\u00e9s sp\u00e9cialement pour vous. Par cons\u00e9quent, au d\u00e9but, comme pour tous les tapis en peluche nouvellement achet\u00e9s, il se peut qu'il y ait un peu de mue. Ces pertes cesseront peu de temps apr\u00e8s que vous aurez commenc\u00e9 \u00e0 utiliser les tapis.<\/p>","protected":false},"excerpt":{"rendered":"<p>Tapis tuft\u00e9 \u00e0 la main 80 cm x 50 cm<\/p>","protected":false},"featured_media":5395,"comment_status":"open","ping_status":"closed","template":"","meta":{"_surecart_dashboard_logo_width":"180px","_surecart_dashboard_show_logo":true,"_surecart_dashboard_navigation_orders":true,"_surecart_dashboard_navigation_invoices":true,"_surecart_dashboard_navigation_subscriptions":true,"_surecart_dashboard_navigation_downloads":true,"_surecart_dashboard_navigation_billing":true,"_surecart_dashboard_navigation_account":true,"_uag_custom_page_level_css":"","site-sidebar-layout":"default","site-content-layout":"","ast-site-content-layout":"default","site-content-style":"default","site-sidebar-style":"default","ast-global-header-display":"","ast-banner-title-visibility":"","ast-main-header-display":"","ast-hfb-above-header-display":"","ast-hfb-below-header-display":"","ast-hfb-mobile-header-display":"","site-post-title":"","ast-breadcrumbs-content":"","ast-featured-img":"","footer-sml-layout":"","theme-transparent-header-meta":"default","adv-header-id-meta":"","stick-header-meta":"","header-above-stick-meta":"","header-main-stick-meta":"","header-below-stick-meta":"","astra-migrate-meta-layouts":"set","ast-page-background-enabled":"default","ast-page-background-meta":{"desktop":{"background-color":"var(--ast-global-color-4)","background-image":"","background-repeat":"repeat","background-position":"center center","background-size":"auto","background-attachment":"scroll","background-type":"","background-media":"","overlay-type":"","overlay-color":"","overlay-opacity":"","overlay-gradient":""},"tablet":{"background-color":"","background-image":"","background-repeat":"repeat","background-position":"center center","background-size":"auto","background-attachment":"scroll","background-type":"","background-media":"","overlay-type":"","overlay-color":"","overlay-opacity":"","overlay-gradient":""},"mobile":{"background-color":"","background-image":"","background-repeat":"repeat","background-position":"center center","background-size":"auto","background-attachment":"scroll","background-type":"","background-media":"","overlay-type":"","overlay-color":"","overlay-opacity":"","overlay-gradient":""}},"ast-content-background-meta":{"desktop":{"background-color":"var(--ast-global-color-5)","background-image":"","background-repeat":"repeat","background-position":"center center","background-size":"auto","background-attachment":"scroll","background-type":"","background-media":"","overlay-type":"","overlay-color":"","overlay-opacity":"","overlay-gradient":""},"tablet":{"background-color":"var(--ast-global-color-5)","background-image":"","background-repeat":"repeat","background-position":"center center","background-size":"auto","background-attachment":"scroll","background-type":"","background-media":"","overlay-type":"","overlay-color":"","overlay-opacity":"","overlay-gradient":""},"mobile":{"background-color":"var(--ast-global-color-5)","background-image":"","background-repeat":"repeat","background-position":"center center","background-size":"auto","background-attachment":"scroll","background-type":"","background-media":"","overlay-type":"","overlay-color":"","overlay-opacity":"","overlay-gradient":""}}},"product_brand":[],"product_cat":[37],"product_tag":[],"class_list":{"0":"post-5394","1":"product","2":"type-product","3":"status-publish","4":"has-post-thumbnail","6":"product_cat-alfombras","7":"desktop-align-left","8":"tablet-align-left","9":"mobile-align-left","11":"first","12":"instock","13":"taxable","14":"shipping-taxable","15":"purchasable","16":"product-type-simple"},"uagb_featured_image_src":{"full":["https:\/\/epcustomrug.com\/wp-content\/uploads\/2024\/10\/b62e4f_98464ecb9c20476da8747399abf2dd49mv2.webp",500,667,false],"thumbnail":["https:\/\/epcustomrug.com\/wp-content\/uploads\/2024\/10\/b62e4f_98464ecb9c20476da8747399abf2dd49mv2-150x150.webp",150,150,true],"medium":["https:\/\/epcustomrug.com\/wp-content\/uploads\/2024\/10\/b62e4f_98464ecb9c20476da8747399abf2dd49mv2-225x300.webp",225,300,true],"medium_large":["https:\/\/epcustomrug.com\/wp-content\/uploads\/2024\/10\/b62e4f_98464ecb9c20476da8747399abf2dd49mv2.webp",500,667,false],"large":["https:\/\/epcustomrug.com\/wp-content\/uploads\/2024\/10\/b62e4f_98464ecb9c20476da8747399abf2dd49mv2.webp",500,667,false],"1536x1536":["https:\/\/epcustomrug.com\/wp-content\/uploads\/2024\/10\/b62e4f_98464ecb9c20476da8747399abf2dd49mv2.webp",500,667,false],"2048x2048":["https:\/\/epcustomrug.com\/wp-content\/uploads\/2024\/10\/b62e4f_98464ecb9c20476da8747399abf2dd49mv2.webp",500,667,false],"trp-custom-language-flag":["https:\/\/epcustomrug.com\/wp-content\/uploads\/2024\/10\/b62e4f_98464ecb9c20476da8747399abf2dd49mv2-9x12.webp",9,12,true],"woocommerce_thumbnail":["https:\/\/epcustomrug.com\/wp-content\/uploads\/2024\/10\/b62e4f_98464ecb9c20476da8747399abf2dd49mv2-300x300.webp",300,300,true],"woocommerce_single":["https:\/\/epcustomrug.com\/wp-content\/uploads\/2024\/10\/b62e4f_98464ecb9c20476da8747399abf2dd49mv2.webp",500,667,false],"woocommerce_gallery_thumbnail":["https:\/\/epcustomrug.com\/wp-content\/uploads\/2024\/10\/b62e4f_98464ecb9c20476da8747399abf2dd49mv2-100x100.webp",100,100,true]},"uagb_author_info":{"display_name":"Juan Manuel Londo\u00f1o Jaramillo","author_link":"https:\/\/epcustomrug.com\/fr\/author\/"},"uagb_comment_info":0,"uagb_excerpt":"Alfombra capiton\u00e9 a mano de 80 cm x 65 cm","_links":{"self":[{"href":"https:\/\/epcustomrug.com\/fr\/wp-json\/wp\/v2\/product\/5394","targetHints":{"allow":["GET"]}}],"collection":[{"href":"https:\/\/epcustomrug.com\/fr\/wp-json\/wp\/v2\/product"}],"about":[{"href":"https:\/\/epcustomrug.com\/fr\/wp-json\/wp\/v2\/types\/product"}],"replies":[{"embeddable":true,"href":"https:\/\/epcustomrug.com\/fr\/wp-json\/wp\/v2\/comments?post=5394"}],"wp:featuredmedia":[{"embeddable":true,"href":"https:\/\/epcustomrug.com\/fr\/wp-json\/wp\/v2\/media\/5395"}],"wp:attachment":[{"href":"https:\/\/epcustomrug.com\/fr\/wp-json\/wp\/v2\/media?parent=5394"}],"wp:term":[{"taxonomy":"product_brand","embeddable":true,"href":"https:\/\/epcustomrug.com\/fr\/wp-json\/wp\/v2\/product_brand?post=5394"},{"taxonomy":"product_cat","embeddable":true,"href":"https:\/\/epcustomrug.com\/fr\/wp-json\/wp\/v2\/product_cat?post=5394"},{"taxonomy":"product_tag","embeddable":true,"href":"https:\/\/epcustomrug.com\/fr\/wp-json\/wp\/v2\/product_tag?post=5394"}],"curies":[{"name":"wp","href":"https:\/\/api.w.org\/{rel}","templated":true}]}}