{"id":5380,"date":"2024-10-16T02:18:47","date_gmt":"2024-10-16T02:18:47","guid":{"rendered":"https:\/\/epcustomrug.com\/?post_type=product&#038;p=5380"},"modified":"2024-10-16T02:21:09","modified_gmt":"2024-10-16T02:21:09","slug":"tote-bag-corazones-rf","status":"publish","type":"product","link":"https:\/\/epcustomrug.com\/fr\/produit\/tote-bag-corazones-rf\/","title":{"rendered":"Sac tot bag c\u0153urs rf"},"content":{"rendered":"<p>Le tote bag \u00ab corazones rf \u00bb est le cadeau esth\u00e9tique parfait pour cette personne sp\u00e9ciale. Fait main avec amour, ce charmant sac en toile ajoute une touche romantique \u00e0 n\u2019importe quelle tenue. Le design accrocheur de c\u0153urs emplum\u00e9s apporte une touche ludique et charmante au sac, tandis que le mat\u00e9riau solide en toile garantit sa long\u00e9vit\u00e9.<\/p>\n<p>Assez spacieux pour contenir tout le n\u00e9cessaire, ce sac polyvalent est id\u00e9al pour le quotidien ou pour un rendez-vous impr\u00e9vu. Surprenez votre partenaire avec ce joli cadeau sp\u00e9cial, symbole de votre amour et de votre affection.<\/p>\n<p>Laisse-la porter ton amour partout o\u00f9 elle va avec ce joli sac \u00e0 main en forme de c\u0153ur.<\/p>","protected":false},"excerpt":{"rendered":"<p>Tote bag en tissu 20 cm x 30 cm<\/p>","protected":false},"featured_media":5381,"comment_status":"open","ping_status":"closed","template":"","meta":{"_surecart_dashboard_logo_width":"180px","_surecart_dashboard_show_logo":true,"_surecart_dashboard_navigation_orders":true,"_surecart_dashboard_navigation_invoices":true,"_surecart_dashboard_navigation_subscriptions":true,"_surecart_dashboard_navigation_downloads":true,"_surecart_dashboard_navigation_billing":true,"_surecart_dashboard_navigation_account":true,"_uag_custom_page_level_css":"","site-sidebar-layout":"default","site-content-layout":"","ast-site-content-layout":"default","site-content-style":"default","site-sidebar-style":"default","ast-global-header-display":"","ast-banner-title-visibility":"","ast-main-header-display":"","ast-hfb-above-header-display":"","ast-hfb-below-header-display":"","ast-hfb-mobile-header-display":"","site-post-title":"","ast-breadcrumbs-content":"","ast-featured-img":"","footer-sml-layout":"","theme-transparent-header-meta":"default","adv-header-id-meta":"","stick-header-meta":"","header-above-stick-meta":"","header-main-stick-meta":"","header-below-stick-meta":"","astra-migrate-meta-layouts":"set","ast-page-background-enabled":"default","ast-page-background-meta":{"desktop":{"background-color":"var(--ast-global-color-4)","background-image":"","background-repeat":"repeat","background-position":"center center","background-size":"auto","background-attachment":"scroll","background-type":"","background-media":"","overlay-type":"","overlay-color":"","overlay-opacity":"","overlay-gradient":""},"tablet":{"background-color":"","background-image":"","background-repeat":"repeat","background-position":"center center","background-size":"auto","background-attachment":"scroll","background-type":"","background-media":"","overlay-type":"","overlay-color":"","overlay-opacity":"","overlay-gradient":""},"mobile":{"background-color":"","background-image":"","background-repeat":"repeat","background-position":"center center","background-size":"auto","background-attachment":"scroll","background-type":"","background-media":"","overlay-type":"","overlay-color":"","overlay-opacity":"","overlay-gradient":""}},"ast-content-background-meta":{"desktop":{"background-color":"var(--ast-global-color-5)","background-image":"","background-repeat":"repeat","background-position":"center center","background-size":"auto","background-attachment":"scroll","background-type":"","background-media":"","overlay-type":"","overlay-color":"","overlay-opacity":"","overlay-gradient":""},"tablet":{"background-color":"var(--ast-global-color-5)","background-image":"","background-repeat":"repeat","background-position":"center center","background-size":"auto","background-attachment":"scroll","background-type":"","background-media":"","overlay-type":"","overlay-color":"","overlay-opacity":"","overlay-gradient":""},"mobile":{"background-color":"var(--ast-global-color-5)","background-image":"","background-repeat":"repeat","background-position":"center center","background-size":"auto","background-attachment":"scroll","background-type":"","background-media":"","overlay-type":"","overlay-color":"","overlay-opacity":"","overlay-gradient":""}}},"product_brand":[],"product_cat":[36],"product_tag":[],"class_list":{"0":"post-5380","1":"product","2":"type-product","3":"status-publish","4":"has-post-thumbnail","6":"product_cat-accesorios","7":"desktop-align-left","8":"tablet-align-left","9":"mobile-align-left","11":"first","12":"instock","13":"taxable","14":"shipping-taxable","15":"purchasable","16":"product-type-simple"},"uagb_featured_image_src":{"full":["https:\/\/epcustomrug.com\/wp-content\/uploads\/2024\/10\/b62e4f_810ef26bcbc549fea6c6a4d7e5b07c1bmv2.webp",500,500,false],"thumbnail":["https:\/\/epcustomrug.com\/wp-content\/uploads\/2024\/10\/b62e4f_810ef26bcbc549fea6c6a4d7e5b07c1bmv2-150x150.webp",150,150,true],"medium":["https:\/\/epcustomrug.com\/wp-content\/uploads\/2024\/10\/b62e4f_810ef26bcbc549fea6c6a4d7e5b07c1bmv2-300x300.webp",300,300,true],"medium_large":["https:\/\/epcustomrug.com\/wp-content\/uploads\/2024\/10\/b62e4f_810ef26bcbc549fea6c6a4d7e5b07c1bmv2.webp",500,500,false],"large":["https:\/\/epcustomrug.com\/wp-content\/uploads\/2024\/10\/b62e4f_810ef26bcbc549fea6c6a4d7e5b07c1bmv2.webp",500,500,false],"1536x1536":["https:\/\/epcustomrug.com\/wp-content\/uploads\/2024\/10\/b62e4f_810ef26bcbc549fea6c6a4d7e5b07c1bmv2.webp",500,500,false],"2048x2048":["https:\/\/epcustomrug.com\/wp-content\/uploads\/2024\/10\/b62e4f_810ef26bcbc549fea6c6a4d7e5b07c1bmv2.webp",500,500,false],"trp-custom-language-flag":["https:\/\/epcustomrug.com\/wp-content\/uploads\/2024\/10\/b62e4f_810ef26bcbc549fea6c6a4d7e5b07c1bmv2-12x12.webp",12,12,true],"woocommerce_thumbnail":["https:\/\/epcustomrug.com\/wp-content\/uploads\/2024\/10\/b62e4f_810ef26bcbc549fea6c6a4d7e5b07c1bmv2-300x300.webp",300,300,true],"woocommerce_single":["https:\/\/epcustomrug.com\/wp-content\/uploads\/2024\/10\/b62e4f_810ef26bcbc549fea6c6a4d7e5b07c1bmv2.webp",500,500,false],"woocommerce_gallery_thumbnail":["https:\/\/epcustomrug.com\/wp-content\/uploads\/2024\/10\/b62e4f_810ef26bcbc549fea6c6a4d7e5b07c1bmv2-100x100.webp",100,100,true]},"uagb_author_info":{"display_name":"Juan Manuel Londo\u00f1o Jaramillo","author_link":"https:\/\/epcustomrug.com\/fr\/author\/"},"uagb_comment_info":0,"uagb_excerpt":"Tote bag de tela 20 cm x 30 cm","_links":{"self":[{"href":"https:\/\/epcustomrug.com\/fr\/wp-json\/wp\/v2\/product\/5380","targetHints":{"allow":["GET"]}}],"collection":[{"href":"https:\/\/epcustomrug.com\/fr\/wp-json\/wp\/v2\/product"}],"about":[{"href":"https:\/\/epcustomrug.com\/fr\/wp-json\/wp\/v2\/types\/product"}],"replies":[{"embeddable":true,"href":"https:\/\/epcustomrug.com\/fr\/wp-json\/wp\/v2\/comments?post=5380"}],"wp:featuredmedia":[{"embeddable":true,"href":"https:\/\/epcustomrug.com\/fr\/wp-json\/wp\/v2\/media\/5381"}],"wp:attachment":[{"href":"https:\/\/epcustomrug.com\/fr\/wp-json\/wp\/v2\/media?parent=5380"}],"wp:term":[{"taxonomy":"product_brand","embeddable":true,"href":"https:\/\/epcustomrug.com\/fr\/wp-json\/wp\/v2\/product_brand?post=5380"},{"taxonomy":"product_cat","embeddable":true,"href":"https:\/\/epcustomrug.com\/fr\/wp-json\/wp\/v2\/product_cat?post=5380"},{"taxonomy":"product_tag","embeddable":true,"href":"https:\/\/epcustomrug.com\/fr\/wp-json\/wp\/v2\/product_tag?post=5380"}],"curies":[{"name":"wp","href":"https:\/\/api.w.org\/{rel}","templated":true}]}}